{"id":967,"date":"2023-05-24T08:50:04","date_gmt":"2023-05-24T08:50:04","guid":{"rendered":"https:\/\/co2inno.com\/politique-de-confidentialite\/"},"modified":"2024-10-25T09:51:21","modified_gmt":"2024-10-25T09:51:21","slug":"politique-de-confidentialite","status":"publish","type":"page","link":"https:\/\/co2inno.com\/fr\/politique-de-confidentialite\/","title":{"rendered":"Politique de confidentialit\u00e9"},"content":{"rendered":"\n<h2 class=\"wp-block-heading\">Qui sommes-nous ?<\/h2>\n\n\n\n<p><strong class=\"privacy-policy-tutorial\">Ces pages Internet servent uniquement \u00e0 des fins d&rsquo;information. Leur contenu a \u00e9t\u00e9 \u00e9labor\u00e9 avec le plus grand soin. Toutefois, l&rsquo;Universit\u00e9 Albert-Ludwigs de Fribourg n&rsquo;assume aucune responsabilit\u00e9, ni explicite ni implicite, quant au type ou \u00e0 l&rsquo;exactitude du mat\u00e9riel propos\u00e9 et ne peut \u00eatre tenue responsable (y compris pour les pertes indirectes ou le manque \u00e0 gagner) du mat\u00e9riel ou de l&rsquo;utilisation de ce mat\u00e9riel. Si le contenu des sites web de l&rsquo;universit\u00e9 Albert-Ludwigs de Fribourg enfreint des dispositions l\u00e9gales en vigueur, nous vous demandons de nous en informer imm\u00e9diatement. Nous supprimerons alors le site ou son contenu le plus rapidement possible.    <\/strong><\/p>\n\n\n\n<h2 class=\"wp-block-heading\">Cookies<\/h2>\n\n\n\n<p><strong>Avis de confidentialit\u00e9<\/strong><\/p>\n\n\n\n<p>Pour optimiser notre site web, nous collectons et stockons des donn\u00e9es, par exemple l&rsquo;heure et la date de l&rsquo;appel de la page,&nbsp; la page \u00e0 partir de laquelle vous acc\u00e9dez \u00e0 notre site et d&rsquo;autres donn\u00e9es similaires, \u00e0 moins que vous ne vous opposiez \u00e0 cette collecte et \u00e0 ce stockage de donn\u00e9es. Le stockage des donn\u00e9es se fait de mani\u00e8re anonyme, sans identification personnelle de l&rsquo;utilisateur de la page. Nous utilisons \u00e9galement des cookies pour la collecte et le stockage des donn\u00e9es. Ceux-ci ne collectent \u00e9galement des donn\u00e9es que sous une forme anonyme. Dans votre navigateur, vous pouvez \u00e0 tout moment d\u00e9sactiver tout ou partie des cookies dans les param\u00e8tres. Lorsque les cookies sont d\u00e9sactiv\u00e9s, il se peut que vous ne puissiez plus acc\u00e9der \u00e0 toutes les fonctions de ce site web.     <\/p>\n\n\n\n<h2 class=\"wp-block-heading\">Contenu int\u00e9gr\u00e9 d&rsquo;autres sites web<\/h2>\n\n\n\n<p>Les articles de ce site peuvent contenir du contenu int\u00e9gr\u00e9 (par exemple des vid\u00e9os, des images, des articles, etc.). Le contenu int\u00e9gr\u00e9 provenant d&rsquo;autres sites web se comporte exactement de la m\u00eame mani\u00e8re que si le visiteur avait visit\u00e9 l&rsquo;autre site web. <\/p>\n\n\n\n<p>Ces sites web peuvent collecter des donn\u00e9es vous concernant, utiliser des cookies, int\u00e9grer un suivi suppl\u00e9mentaire par des tiers et surveiller votre interaction avec ce contenu int\u00e9gr\u00e9, y compris votre interaction avec le contenu int\u00e9gr\u00e9 si vous avez un compte et que vous \u00eates connect\u00e9 \u00e0 ce site web.<\/p>\n\n\n\n<h2 class=\"wp-block-heading\">Avec qui partageons-nous vos donn\u00e9es ?<\/h2>\n\n\n\n<p>Nous ne partageons pas vos donn\u00e9es avec des tiers sans votre consentement. Les donn\u00e9es collect\u00e9es sont anonymes et servent uniquement \u00e0 la fonctionnalit\u00e9 du site web et ne sont pas utilis\u00e9es \u00e0 des fins commerciales. <\/p>\n\n\n\n<h2 class=\"wp-block-heading\">Dur\u00e9e de conservation de vos donn\u00e9es<\/h2>\n\n\n\n<p>Si vous laissez un commentaire, celui-ci et ses m\u00e9tadonn\u00e9es sont conserv\u00e9s ind\u00e9finiment. Cela nous permet de reconna\u00eetre et d&rsquo;approuver automatiquement les commentaires de suivi au lieu de les mettre en attente dans une file d&rsquo;attente de mod\u00e9ration. <\/p>\n\n\n\n<h2 class=\"wp-block-heading\">Commentaires<\/h2>\n\n\n\n<p>Lorsque les visiteurs laissent des commentaires sur le site, nous recueillons les donn\u00e9es figurant dans le formulaire de commentaires, ainsi que l&rsquo;adresse IP du visiteur et la cha\u00eene de l&rsquo;agent utilisateur du navigateur afin de faciliter la d\u00e9tection des spams.<\/p>\n\n\n\n<h2 class=\"wp-block-heading\">O\u00f9 vos donn\u00e9es sont-elles envoy\u00e9es ?<\/h2>\n\n\n\n<p>Les commentaires des visiteurs peuvent \u00eatre v\u00e9rifi\u00e9s par un service automatis\u00e9 de d\u00e9tection des spams.<\/p>\n","protected":false},"excerpt":{"rendered":"<p>Qui sommes-nous ? Ces pages Internet servent uniquement \u00e0 des fins d&rsquo;information. Leur contenu a \u00e9t\u00e9 \u00e9labor\u00e9 avec le plus grand soin. Toutefois, l&rsquo;Universit\u00e9 Albert-Ludwigs de Fribourg n&rsquo;assume aucune responsabilit\u00e9, ni explicite ni implicite, quant au type ou \u00e0 l&rsquo;exactitude du mat\u00e9riel propos\u00e9 et ne peut \u00eatre tenue responsable (y compris pour les pertes indirectes&#8230;<\/p>\n","protected":false},"author":2,"featured_media":0,"parent":0,"menu_order":0,"comment_status":"closed","ping_status":"closed","template":"","meta":{"_kadence_starter_templates_imported_post":false,"_kad_post_transparent":"","_kad_post_title":"","_kad_post_layout":"","_kad_post_sidebar_id":"","_kad_post_content_style":"","_kad_post_vertical_padding":"","_kad_post_feature":"","_kad_post_feature_position":"","_kad_post_header":false,"_kad_post_footer":false,"footnotes":""},"class_list":["post-967","page","type-page","status-publish","hentry"],"_links":{"self":[{"href":"https:\/\/co2inno.com\/fr\/wp-json\/wp\/v2\/pages\/967","targetHints":{"allow":["GET"]}}],"collection":[{"href":"https:\/\/co2inno.com\/fr\/wp-json\/wp\/v2\/pages"}],"about":[{"href":"https:\/\/co2inno.com\/fr\/wp-json\/wp\/v2\/types\/page"}],"author":[{"embeddable":true,"href":"https:\/\/co2inno.com\/fr\/wp-json\/wp\/v2\/users\/2"}],"replies":[{"embeddable":true,"href":"https:\/\/co2inno.com\/fr\/wp-json\/wp\/v2\/comments?post=967"}],"version-history":[{"count":1,"href":"https:\/\/co2inno.com\/fr\/wp-json\/wp\/v2\/pages\/967\/revisions"}],"predecessor-version":[{"id":968,"href":"https:\/\/co2inno.com\/fr\/wp-json\/wp\/v2\/pages\/967\/revisions\/968"}],"wp:attachment":[{"href":"https:\/\/co2inno.com\/fr\/wp-json\/wp\/v2\/media?parent=967"}],"curies":[{"name":"wp","href":"https:\/\/api.w.org\/{rel}","templated":true}]}}