{"id":961,"date":"2024-07-08T10:24:18","date_gmt":"2024-07-08T10:24:18","guid":{"rendered":"https:\/\/co2inno.com\/co2inno-laboratoire-reel-region-dinnovation-neutre-en-co2-rhin-superieur-english\/"},"modified":"2024-10-25T09:41:22","modified_gmt":"2024-10-25T09:41:22","slug":"co2inno-laboratoire-reel-region-dinnovation-neutre-en-co2-rhin-superieur-english","status":"publish","type":"page","link":"https:\/\/co2inno.com\/fr\/co2inno-laboratoire-reel-region-dinnovation-neutre-en-co2-rhin-superieur-english\/","title":{"rendered":"CO2InnO : Laboratoire r\u00e9el R\u00e9gion d&rsquo;innovation neutre en CO2 Rhin sup\u00e9rieur &#8211; English"},"content":{"rendered":"","protected":false},"excerpt":{"rendered":"","protected":false},"author":2,"featured_media":0,"parent":0,"menu_order":0,"comment_status":"closed","ping_status":"closed","template":"","meta":{"_kadence_starter_templates_imported_post":false,"_kad_post_transparent":"","_kad_post_title":"","_kad_post_layout":"","_kad_post_sidebar_id":"","_kad_post_content_style":"","_kad_post_vertical_padding":"","_kad_post_feature":"","_kad_post_feature_position":"","_kad_post_header":false,"_kad_post_footer":false,"footnotes":""},"class_list":["post-961","page","type-page","status-publish","hentry"],"_links":{"self":[{"href":"https:\/\/co2inno.com\/fr\/wp-json\/wp\/v2\/pages\/961","targetHints":{"allow":["GET"]}}],"collection":[{"href":"https:\/\/co2inno.com\/fr\/wp-json\/wp\/v2\/pages"}],"about":[{"href":"https:\/\/co2inno.com\/fr\/wp-json\/wp\/v2\/types\/page"}],"author":[{"embeddable":true,"href":"https:\/\/co2inno.com\/fr\/wp-json\/wp\/v2\/users\/2"}],"replies":[{"embeddable":true,"href":"https:\/\/co2inno.com\/fr\/wp-json\/wp\/v2\/comments?post=961"}],"version-history":[{"count":1,"href":"https:\/\/co2inno.com\/fr\/wp-json\/wp\/v2\/pages\/961\/revisions"}],"predecessor-version":[{"id":962,"href":"https:\/\/co2inno.com\/fr\/wp-json\/wp\/v2\/pages\/961\/revisions\/962"}],"wp:attachment":[{"href":"https:\/\/co2inno.com\/fr\/wp-json\/wp\/v2\/media?parent=961"}],"curies":[{"name":"wp","href":"https:\/\/api.w.org\/{rel}","templated":true}]}}