{"id":928,"date":"2023-10-12T09:12:49","date_gmt":"2023-10-12T09:12:49","guid":{"rendered":"https:\/\/co2inno.com\/apercu-des-stations-de-recharge-dans-le-rhin-superieur\/"},"modified":"2024-10-25T09:41:16","modified_gmt":"2024-10-25T09:41:16","slug":"apercu-des-stations-de-recharge-dans-le-rhin-superieur","status":"publish","type":"page","link":"https:\/\/co2inno.com\/fr\/apercu-des-stations-de-recharge-dans-le-rhin-superieur\/","title":{"rendered":"Aper\u00e7u des stations de recharge dans le Rhin sup\u00e9rieur"},"content":{"rendered":"\n<p>La carte ci-dessous est une autre visualisation de l&rsquo;ensemble des donn\u00e9es utilis\u00e9es dans <a href=\"https:\/\/co2inno.com\/map-of-charging-stations\/\" data-type=\"link\" data-id=\"https:\/\/co2inno.com\/map-of-charging-stations\/\">cette carte<\/a>, qui comprend des donn\u00e9es gouvernementales sur les stations de recharge des trois pays de l&rsquo;URR.<\/p>\n\n\n\n<iframe style=\"width: 100%; height: 800px;\" src=\"https:\/\/co2inno.com\/wp-content\/uploads\/2023\/10\/Heatmap_Akkumuliert.html\">\n<\/iframe>\n\n\n\n<p>Sources des donn\u00e9es : Bundesnetzagentur, data.gouv.fr, Bundesamt f\u00fcr Energie (BFE) Schweiz<\/p>\n","protected":false},"excerpt":{"rendered":"<p>La carte ci-dessous est une autre visualisation de l&rsquo;ensemble des donn\u00e9es utilis\u00e9es dans cette carte, qui comprend des donn\u00e9es gouvernementales sur les stations de recharge des trois pays de l&rsquo;URR. Sources des donn\u00e9es : Bundesnetzagentur, data.gouv.fr, Bundesamt f\u00fcr Energie (BFE) Schweiz<\/p>\n","protected":false},"author":2,"featured_media":0,"parent":0,"menu_order":0,"comment_status":"closed","ping_status":"closed","template":"","meta":{"_kadence_starter_templates_imported_post":false,"_kad_post_transparent":"","_kad_post_title":"","_kad_post_layout":"","_kad_post_sidebar_id":"","_kad_post_content_style":"","_kad_post_vertical_padding":"","_kad_post_feature":"","_kad_post_feature_position":"","_kad_post_header":false,"_kad_post_footer":false,"footnotes":""},"class_list":["post-928","page","type-page","status-publish","hentry"],"_links":{"self":[{"href":"https:\/\/co2inno.com\/fr\/wp-json\/wp\/v2\/pages\/928","targetHints":{"allow":["GET"]}}],"collection":[{"href":"https:\/\/co2inno.com\/fr\/wp-json\/wp\/v2\/pages"}],"about":[{"href":"https:\/\/co2inno.com\/fr\/wp-json\/wp\/v2\/types\/page"}],"author":[{"embeddable":true,"href":"https:\/\/co2inno.com\/fr\/wp-json\/wp\/v2\/users\/2"}],"replies":[{"embeddable":true,"href":"https:\/\/co2inno.com\/fr\/wp-json\/wp\/v2\/comments?post=928"}],"version-history":[{"count":1,"href":"https:\/\/co2inno.com\/fr\/wp-json\/wp\/v2\/pages\/928\/revisions"}],"predecessor-version":[{"id":929,"href":"https:\/\/co2inno.com\/fr\/wp-json\/wp\/v2\/pages\/928\/revisions\/929"}],"wp:attachment":[{"href":"https:\/\/co2inno.com\/fr\/wp-json\/wp\/v2\/media?parent=928"}],"curies":[{"name":"wp","href":"https:\/\/api.w.org\/{rel}","templated":true}]}}