{"id":923,"date":"2023-08-23T12:04:44","date_gmt":"2023-08-23T12:04:44","guid":{"rendered":"https:\/\/co2inno.com\/stations-de-recharge-dans-le-rhin-superieur\/"},"modified":"2024-10-25T09:41:14","modified_gmt":"2024-10-25T09:41:14","slug":"stations-de-recharge-dans-le-rhin-superieur","status":"publish","type":"page","link":"https:\/\/co2inno.com\/fr\/stations-de-recharge-dans-le-rhin-superieur\/","title":{"rendered":"Stations de recharge dans le Rhin sup\u00e9rieur"},"content":{"rendered":"\n<p>Dans le cadre de la recherche sur l&rsquo;e-mobilit\u00e9 dans la r\u00e9gion du Rhin sup\u00e9rieur, les donn\u00e9es gouvernementales des trois \u00c9tats de la r\u00e9gion ont \u00e9t\u00e9 trait\u00e9es et analys\u00e9es.<\/p>\n\n\n\n<p>Le r\u00e9sultat est un ensemble coh\u00e9rent de donn\u00e9es sur les stations de recharge dans la r\u00e9gion du Rhin sup\u00e9rieur, bas\u00e9 sur des donn\u00e9es gouvernementales. Cet ensemble sera ensuite utilis\u00e9 pour effectuer des analyses d\u00e9taill\u00e9es de l&rsquo;infrastructure de recharge et formuler des recommandations. <\/p>\n\n\n\n<p>Les stations de recharge de la r\u00e9gion sont accessibles de mani\u00e8re interactive ci-dessous et illustrent la r\u00e9partition et l&rsquo;\u00e9tendue de l&rsquo;infrastructure dans la zone du projet.<\/p>\n\n\n\n<h2 class=\"wp-block-heading\">Station de recharge dans le Rhin sup\u00e9rieur 2024<\/h2>\n\n\n\n<iframe style=\"width: 100%; height: 800px;\" src=\"https:\/\/co2inno.com\/wp-content\/uploads\/2024\/03\/leaflet_map_2024_eng.html\">\n<\/iframe>\n\n\n\n<h2 class=\"wp-block-heading\">Station de recharge dans le Rhin sup\u00e9rieur 2023<\/h2>\n\n\n\n<iframe style=\"width: 100%; height: 800px;\" src=\"https:\/\/co2inno.com\/wp-content\/uploads\/2023\/09\/leaflet_map_eng.html\">\n<\/iframe>\n\n\n\n<p>La carte montre les points de recharge dans le Rhin sup\u00e9rieur et leur puissance respective. S\u00e9lectionnez et d\u00e9s\u00e9lectionnez les stations de recharge pour afficher les stations normales, rapides et \u00e0 haute puissance.   <\/p>\n\n\n\n<p>Pour une autre carte interactive concernant les stations de recharge, cliquez <a href=\"https:\/\/co2inno.com\/overview-of-charging-stations-in-the-upper-rhine\/\" data-type=\"link\" data-id=\"https:\/\/co2inno.com\/overview-of-charging-stations-in-the-upper-rhine\/\">ici.<\/a><\/p>\n\n\n\n<p>Sources des donn\u00e9es : Bundesnetzagentur, data.gouv.fr, Bundesamt f\u00fcr Energie (BFE) Schweiz<\/p>\n\n\n\n<p><\/p>\n","protected":false},"excerpt":{"rendered":"<p>Dans le cadre de la recherche sur l&rsquo;e-mobilit\u00e9 dans la r\u00e9gion du Rhin sup\u00e9rieur, les donn\u00e9es gouvernementales des trois \u00c9tats de la r\u00e9gion ont \u00e9t\u00e9 trait\u00e9es et analys\u00e9es. Le r\u00e9sultat est un ensemble coh\u00e9rent de donn\u00e9es sur les stations de recharge dans la r\u00e9gion du Rhin sup\u00e9rieur, bas\u00e9 sur des donn\u00e9es gouvernementales. Cet ensemble sera&#8230;<\/p>\n","protected":false},"author":2,"featured_media":0,"parent":0,"menu_order":0,"comment_status":"closed","ping_status":"closed","template":"","meta":{"_kadence_starter_templates_imported_post":false,"_kad_post_transparent":"","_kad_post_title":"","_kad_post_layout":"","_kad_post_sidebar_id":"","_kad_post_content_style":"","_kad_post_vertical_padding":"","_kad_post_feature":"","_kad_post_feature_position":"","_kad_post_header":false,"_kad_post_footer":false,"footnotes":""},"class_list":["post-923","page","type-page","status-publish","hentry"],"_links":{"self":[{"href":"https:\/\/co2inno.com\/fr\/wp-json\/wp\/v2\/pages\/923","targetHints":{"allow":["GET"]}}],"collection":[{"href":"https:\/\/co2inno.com\/fr\/wp-json\/wp\/v2\/pages"}],"about":[{"href":"https:\/\/co2inno.com\/fr\/wp-json\/wp\/v2\/types\/page"}],"author":[{"embeddable":true,"href":"https:\/\/co2inno.com\/fr\/wp-json\/wp\/v2\/users\/2"}],"replies":[{"embeddable":true,"href":"https:\/\/co2inno.com\/fr\/wp-json\/wp\/v2\/comments?post=923"}],"version-history":[{"count":1,"href":"https:\/\/co2inno.com\/fr\/wp-json\/wp\/v2\/pages\/923\/revisions"}],"predecessor-version":[{"id":924,"href":"https:\/\/co2inno.com\/fr\/wp-json\/wp\/v2\/pages\/923\/revisions\/924"}],"wp:attachment":[{"href":"https:\/\/co2inno.com\/fr\/wp-json\/wp\/v2\/media?parent=923"}],"curies":[{"name":"wp","href":"https:\/\/api.w.org\/{rel}","templated":true}]}}