{"id":905,"date":"2023-04-04T08:35:53","date_gmt":"2023-04-04T08:35:53","guid":{"rendered":"https:\/\/co2inno.com\/resultats-du-projet\/"},"modified":"2024-10-25T09:27:17","modified_gmt":"2024-10-25T09:27:17","slug":"resultats-du-projet","status":"publish","type":"page","link":"https:\/\/co2inno.com\/fr\/resultats-du-projet\/","title":{"rendered":"R\u00e9sultats du projet"},"content":{"rendered":"\n<p>C&rsquo;est ici que les r\u00e9sultats sp\u00e9cifiques du site web seront collect\u00e9s et publi\u00e9s. Vous trouverez ci-dessous les r\u00e9sultats existants. <\/p>\n\n\n\n<p><a href=\"https:\/\/co2inno.com\/map-of-charging-stations\/\">Carte des stations de recharge<\/a><\/p>\n","protected":false},"excerpt":{"rendered":"<p>C&rsquo;est ici que les r\u00e9sultats sp\u00e9cifiques du site web seront collect\u00e9s et publi\u00e9s. Vous trouverez ci-dessous les r\u00e9sultats existants. Carte des stations de recharge<\/p>\n","protected":false},"author":2,"featured_media":0,"parent":0,"menu_order":0,"comment_status":"closed","ping_status":"closed","template":"","meta":{"_kadence_starter_templates_imported_post":false,"_kad_post_transparent":"","_kad_post_title":"","_kad_post_layout":"","_kad_post_sidebar_id":"","_kad_post_content_style":"","_kad_post_vertical_padding":"","_kad_post_feature":"","_kad_post_feature_position":"","_kad_post_header":false,"_kad_post_footer":false,"footnotes":""},"class_list":["post-905","page","type-page","status-publish","hentry"],"_links":{"self":[{"href":"https:\/\/co2inno.com\/fr\/wp-json\/wp\/v2\/pages\/905","targetHints":{"allow":["GET"]}}],"collection":[{"href":"https:\/\/co2inno.com\/fr\/wp-json\/wp\/v2\/pages"}],"about":[{"href":"https:\/\/co2inno.com\/fr\/wp-json\/wp\/v2\/types\/page"}],"author":[{"embeddable":true,"href":"https:\/\/co2inno.com\/fr\/wp-json\/wp\/v2\/users\/2"}],"replies":[{"embeddable":true,"href":"https:\/\/co2inno.com\/fr\/wp-json\/wp\/v2\/comments?post=905"}],"version-history":[{"count":1,"href":"https:\/\/co2inno.com\/fr\/wp-json\/wp\/v2\/pages\/905\/revisions"}],"predecessor-version":[{"id":906,"href":"https:\/\/co2inno.com\/fr\/wp-json\/wp\/v2\/pages\/905\/revisions\/906"}],"wp:attachment":[{"href":"https:\/\/co2inno.com\/fr\/wp-json\/wp\/v2\/media?parent=905"}],"curies":[{"name":"wp","href":"https:\/\/api.w.org\/{rel}","templated":true}]}}