{"id":898,"date":"2023-03-30T11:39:18","date_gmt":"2023-03-30T11:39:18","guid":{"rendered":"https:\/\/co2inno.com\/impression\/"},"modified":"2024-10-25T09:27:16","modified_gmt":"2024-10-25T09:27:16","slug":"impression","status":"publish","type":"page","link":"https:\/\/co2inno.com\/fr\/impression\/","title":{"rendered":"Impression"},"content":{"rendered":"\n<p>Fournisseur<\/p>\n\n\n\n<p>Fournisseur de services au sens de l&rsquo;art. 5 de l&rsquo;accord d&rsquo;\u00c9tat sur les services de m\u00e9dias et art. 55 de la loi allemande sur les t\u00e9l\u00e9services<\/p>\n\n\n\n<p>Universit\u00e9 Albert-Ludwigs de Fribourg<\/p>\n\n\n\n<p>Friedrichstra\u00dfe 39<\/p>\n\n\n\n<p>79098 Freiburg<\/p>\n\n\n\n<p>T\u00e9l\u00e9phone : +49 0761 203 0 +49 0761 203 0<\/p>\n\n\n\n<p>Fax : +49 0761 203 4369<\/p>\n\n\n\n<p>info@uni-freiburg.de<\/p>\n\n\n\n<p><blockquote class=\"wp-embedded-content\" data-secret=\"TefWTeTYrl\"><a href=\"https:\/\/uni-freiburg.de\/\">Universit\u00e4t Freiburg<\/a><\/blockquote><iframe loading=\"lazy\" class=\"wp-embedded-content\" sandbox=\"allow-scripts\" security=\"restricted\" style=\"position: absolute; visibility: hidden;\" title=\"&#8222;Universit\u00e4t Freiburg&#8220; &#8212; Universit\u00e4t Freiburg\" src=\"https:\/\/uni-freiburg.de\/embed\/#?secret=L2Z9vUh5ic#?secret=TefWTeTYrl\" data-secret=\"TefWTeTYrl\" width=\"600\" height=\"338\" frameborder=\"0\" marginwidth=\"0\" marginheight=\"0\" scrolling=\"no\"><\/iframe><\/p>\n\n\n\n<p>L&rsquo;Universit\u00e9 de Fribourg est une corporation de droit public.<br>Elle est repr\u00e9sent\u00e9e juridiquement par le recteur, le Prof.<\/p>\n\n\n\n<p>D&rsquo;autres responsabilit\u00e9s sont r\u00e9gies par la politique d&rsquo;information publique de l&rsquo;universit\u00e9 (Informationsangeboteordnung &#8211; IAO).<\/p>\n\n\n\n<p>Chaire de t\u00e9l\u00e9d\u00e9tection et de syst\u00e8mes d&rsquo;information sur les paysages (FeLis)<\/p>\n\n\n\n<p>Barbara Koch<\/p>\n\n\n\n<p>Telefon : +49-(0)761-203-3694<\/p>\n\n\n\n<p>Fax : +49-(0)761-203-3701 +49-(0)761-203-3701<br>E-Mail : ferninfo@felis.uni-freiburg.de<br>Web : https:\/\/www.felis.uni-freiburg.de <\/p>\n\n\n\n<p>Le projet est cofinanc\u00e9 par l&rsquo;Union europ\u00e9enne via Interreg Rhin sup\u00e9rieur.<\/p>\n\n\n\n<p>Droit d&rsquo;auteur<\/p>\n\n\n\n<p>Pour les pages Internet de l&rsquo;Universit\u00e9 Albert-Ludwigs de Fribourg, les droits d&rsquo;auteur et tous les autres droits appartiennent \u00e0 l&rsquo;Universit\u00e9 Albert-Ludwigs de Fribourg, Friedrichstra\u00dfe 39, 79098 Fribourg, Allemagne. Une diffusion ult\u00e9rieure, m\u00eame partielle, \u00e0 des fins p\u00e9dagogiques, scientifiques ou priv\u00e9es est autoris\u00e9e, \u00e0 condition que la source soit indiqu\u00e9e (sauf mention contraire expresse sur la page concern\u00e9e). L&rsquo;utilisation \u00e0 des fins commerciales doit \u00eatre approuv\u00e9e par l&rsquo;universit\u00e9 Albert-Ludwigs de Fribourg.  <\/p>\n\n\n\n<p>Clause de non-responsabilit\u00e9<\/p>\n\n\n\n<p>Ces pages Internet servent uniquement \u00e0 des fins d&rsquo;information. Leur contenu a \u00e9t\u00e9 \u00e9labor\u00e9 avec le plus grand soin. Toutefois, l&rsquo;Universit\u00e9 Albert-Ludwigs de Fribourg n&rsquo;assume aucune responsabilit\u00e9, ni explicite ni implicite, quant au type ou \u00e0 l&rsquo;exactitude du mat\u00e9riel propos\u00e9 et ne peut \u00eatre tenue responsable (y compris pour les pertes indirectes ou le manque \u00e0 gagner) du mat\u00e9riel ou de l&rsquo;utilisation de ce mat\u00e9riel. Si le contenu des sites web de l&rsquo;universit\u00e9 Albert-Ludwigs de Fribourg enfreint des dispositions l\u00e9gales en vigueur, nous vous demandons de nous en informer imm\u00e9diatement. Nous supprimerons alors le site ou son contenu le plus rapidement possible.    <\/p>\n\n\n\n<p>R\u00e9f\u00e9rences \u00e0 des sites web externes<\/p>\n\n\n\n<p>Les sites web de l&rsquo;Universit\u00e9 Albert-Ludwigs de Fribourg contiennent des liens vers des informations propos\u00e9es par des serveurs qui ne sont pas soumis au contr\u00f4le et \u00e0 la responsabilit\u00e9 de l&rsquo;Universit\u00e9 Albert-Ludwigs de Fribourg. L&rsquo;Universit\u00e9 n&rsquo;assume aucune responsabilit\u00e9 ou garantie pour ces informations et n&rsquo;approuve ni ne soutient ces informations en termes de contenu. <\/p>\n\n\n\n<p>Avis de confidentialit\u00e9<\/p>\n\n\n\n<p>Pour optimiser notre site web, nous collectons et stockons des donn\u00e9es, par exemple l&rsquo;heure et la date de l&rsquo;appel de la page, la page \u00e0 partir de laquelle vous acc\u00e9dez \u00e0 notre site et d&rsquo;autres donn\u00e9es similaires, \u00e0 moins que vous ne vous opposiez \u00e0 cette collecte et \u00e0 ce stockage de donn\u00e9es. Le stockage des donn\u00e9es se fait de mani\u00e8re anonyme, sans identification personnelle de l&rsquo;utilisateur de la page. Nous utilisons \u00e9galement des cookies pour la collecte et le stockage des donn\u00e9es. Ceux-ci ne collectent \u00e9galement des donn\u00e9es que sous une forme anonyme. Dans votre navigateur, vous pouvez \u00e0 tout moment d\u00e9sactiver tout ou partie des cookies dans les param\u00e8tres. Lorsque les cookies sont d\u00e9sactiv\u00e9s, il se peut que vous ne puissiez plus acc\u00e9der \u00e0 toutes les fonctions de ce site web.     <\/p>\n","protected":false},"excerpt":{"rendered":"<p>Fournisseur Fournisseur de services au sens de l&rsquo;art. 5 de l&rsquo;accord d&rsquo;\u00c9tat sur les services de m\u00e9dias et art. 55 de la loi allemande sur les t\u00e9l\u00e9services Universit\u00e9 Albert-Ludwigs de Fribourg Friedrichstra\u00dfe 39 79098 Freiburg T\u00e9l\u00e9phone : +49 0761 203 0 +49 0761 203 0 Fax : +49 0761 203 4369 info@uni-freiburg.de Universit\u00e4t Freiburg L&rsquo;Universit\u00e9&#8230;<\/p>\n","protected":false},"author":2,"featured_media":0,"parent":0,"menu_order":0,"comment_status":"closed","ping_status":"closed","template":"","meta":{"_kadence_starter_templates_imported_post":false,"_kad_post_transparent":"","_kad_post_title":"","_kad_post_layout":"","_kad_post_sidebar_id":"","_kad_post_content_style":"","_kad_post_vertical_padding":"","_kad_post_feature":"","_kad_post_feature_position":"","_kad_post_header":false,"_kad_post_footer":false,"footnotes":""},"class_list":["post-898","page","type-page","status-publish","hentry"],"_links":{"self":[{"href":"https:\/\/co2inno.com\/fr\/wp-json\/wp\/v2\/pages\/898","targetHints":{"allow":["GET"]}}],"collection":[{"href":"https:\/\/co2inno.com\/fr\/wp-json\/wp\/v2\/pages"}],"about":[{"href":"https:\/\/co2inno.com\/fr\/wp-json\/wp\/v2\/types\/page"}],"author":[{"embeddable":true,"href":"https:\/\/co2inno.com\/fr\/wp-json\/wp\/v2\/users\/2"}],"replies":[{"embeddable":true,"href":"https:\/\/co2inno.com\/fr\/wp-json\/wp\/v2\/comments?post=898"}],"version-history":[{"count":1,"href":"https:\/\/co2inno.com\/fr\/wp-json\/wp\/v2\/pages\/898\/revisions"}],"predecessor-version":[{"id":899,"href":"https:\/\/co2inno.com\/fr\/wp-json\/wp\/v2\/pages\/898\/revisions\/899"}],"wp:attachment":[{"href":"https:\/\/co2inno.com\/fr\/wp-json\/wp\/v2\/media?parent=898"}],"curies":[{"name":"wp","href":"https:\/\/api.w.org\/{rel}","templated":true}]}}