{"id":840,"date":"2023-04-04T08:22:55","date_gmt":"2023-04-04T08:22:55","guid":{"rendered":"https:\/\/co2inno.com\/?page_id=840"},"modified":"2024-10-25T09:19:43","modified_gmt":"2024-10-25T09:19:43","slug":"objectifs-de-recherche","status":"publish","type":"page","link":"https:\/\/co2inno.com\/fr\/objectifs-de-recherche\/","title":{"rendered":"Objectifs de la recherche"},"content":{"rendered":"\n<p>Dans le cadre de ce v\u00e9ritable laboratoire, des technologies cl\u00e9s s\u00e9lectionn\u00e9es, qui font partie des voies de transformation possibles vers la neutralit\u00e9 climatique dans le secteur de l&rsquo;\u00e9nergie, seront test\u00e9es et am\u00e9lior\u00e9es en ce qui concerne leur faisabilit\u00e9 technique et juridique ainsi que leur acceptation sociale.<\/p>\n\n\n\n<p>Il s&rsquo;agit avant tout de<\/p>\n\n\n\n<p>&#8211; syst\u00e8mes \u00e9nerg\u00e9tiques d\u00e9centralis\u00e9s bas\u00e9s sur l&rsquo;hydrog\u00e8ne vert<\/p>\n\n\n\n<p>&#8211; des concepts multidisciplinaires tels que la cybers\u00e9curit\u00e9 dans les syst\u00e8mes \u00e9nerg\u00e9tiques<\/p>\n\n\n\n<p>&#8211; Potentiel de faisabilit\u00e9 technique, administrative et juridique<\/p>\n\n\n\n<p>&#8211; Acceptation soci\u00e9tale<\/p>\n\n\n\n<p>&#8211; Impact du d\u00e9mant\u00e8lement des centrales nucl\u00e9aires sur la transformation vers de nouveaux syst\u00e8mes \u00e9nerg\u00e9tiques<\/p>\n","protected":false},"excerpt":{"rendered":"<p>Dans le cadre de ce v\u00e9ritable laboratoire, des technologies cl\u00e9s s\u00e9lectionn\u00e9es, qui font partie des voies de transformation possibles vers la neutralit\u00e9 climatique dans le secteur de l&rsquo;\u00e9nergie, seront test\u00e9es et am\u00e9lior\u00e9es en ce qui concerne leur faisabilit\u00e9 technique et juridique ainsi que leur acceptation sociale. Il s&rsquo;agit avant tout de &#8211; syst\u00e8mes \u00e9nerg\u00e9tiques d\u00e9centralis\u00e9s&#8230;<\/p>\n","protected":false},"author":2,"featured_media":0,"parent":0,"menu_order":0,"comment_status":"closed","ping_status":"closed","template":"","meta":{"_kadence_starter_templates_imported_post":false,"_kad_post_transparent":"","_kad_post_title":"","_kad_post_layout":"","_kad_post_sidebar_id":"","_kad_post_content_style":"","_kad_post_vertical_padding":"","_kad_post_feature":"","_kad_post_feature_position":"","_kad_post_header":false,"_kad_post_footer":false,"footnotes":""},"class_list":["post-840","page","type-page","status-publish","hentry"],"_links":{"self":[{"href":"https:\/\/co2inno.com\/fr\/wp-json\/wp\/v2\/pages\/840","targetHints":{"allow":["GET"]}}],"collection":[{"href":"https:\/\/co2inno.com\/fr\/wp-json\/wp\/v2\/pages"}],"about":[{"href":"https:\/\/co2inno.com\/fr\/wp-json\/wp\/v2\/types\/page"}],"author":[{"embeddable":true,"href":"https:\/\/co2inno.com\/fr\/wp-json\/wp\/v2\/users\/2"}],"replies":[{"embeddable":true,"href":"https:\/\/co2inno.com\/fr\/wp-json\/wp\/v2\/comments?post=840"}],"version-history":[{"count":2,"href":"https:\/\/co2inno.com\/fr\/wp-json\/wp\/v2\/pages\/840\/revisions"}],"predecessor-version":[{"id":888,"href":"https:\/\/co2inno.com\/fr\/wp-json\/wp\/v2\/pages\/840\/revisions\/888"}],"wp:attachment":[{"href":"https:\/\/co2inno.com\/fr\/wp-json\/wp\/v2\/media?parent=840"}],"curies":[{"name":"wp","href":"https:\/\/api.w.org\/{rel}","templated":true}]}}