{"id":836,"date":"2023-04-04T09:10:33","date_gmt":"2023-04-04T09:10:33","guid":{"rendered":"https:\/\/co2inno.com\/?page_id=836"},"modified":"2024-10-25T09:07:14","modified_gmt":"2024-10-25T09:07:14","slug":"les-partenaires-du-projet","status":"publish","type":"page","link":"https:\/\/co2inno.com\/fr\/les-partenaires-du-projet\/","title":{"rendered":"Les partenaires du projet"},"content":{"rendered":"\r\n<div class=\"wp-block-group\"><div class=\"wp-block-group__inner-container is-layout-constrained wp-block-group-is-layout-constrained\">\r\n<div class=\"wp-block-group\"><div class=\"wp-block-group__inner-container is-layout-constrained wp-block-group-is-layout-constrained\">\r\n<div class=\"wp-block-group\"><div class=\"wp-block-group__inner-container is-layout-constrained wp-block-group-is-layout-constrained\">\r\n<p class=\"has-text-align-center\">Co-financ\u00e9 par<\/p>\r\n\r\n\r\n\r\n<p class=\"has-text-align-center\">Interreg Oberrhein\/Rhin Sup\u00e9rieur<\/p>\r\n\r\n\r\n<div class=\"wp-block-image is-style-default\">\r\n<figure class=\"aligncenter size-full\"><img loading=\"lazy\" decoding=\"async\" width=\"459\" height=\"138\" src=\"https:\/\/co2inno.com\/wp-content\/uploads\/2023\/04\/grafik-14.png\" alt=\"\" class=\"wp-image-113\" srcset=\"https:\/\/co2inno.com\/wp-content\/uploads\/2023\/04\/grafik-14.png 459w, https:\/\/co2inno.com\/wp-content\/uploads\/2023\/04\/grafik-14-300x90.png 300w\" sizes=\"auto, (max-width: 459px) 100vw, 459px\" \/><\/figure>\r\n<\/div><\/div><\/div>\r\n<\/div><\/div>\r\n<\/div><\/div>\r\n\r\n\r\n\r\n<p class=\"has-text-align-center\">Partenaires co-financ\u00e9s :<\/p>\r\n\r\n\r\n\r\n<p class=\"has-text-align-center\"><\/p>\r\n\r\n\r\n<div class=\"wp-block-image is-style-default\">\r\n<figure class=\"aligncenter size-full\"><img loading=\"lazy\" decoding=\"async\" width=\"180\" height=\"23\" src=\"https:\/\/co2inno.com\/wp-content\/uploads\/2023\/04\/grafik-3.png\" alt=\"\" class=\"wp-image-102\"\/><\/figure>\r\n<\/div>\r\n\r\n\r\n<p class=\"has-text-align-center\"><img loading=\"lazy\" decoding=\"async\" width=\"184\" height=\"103\" class=\"wp-image-99\" src=\"https:\/\/co2inno.com\/wp-content\/uploads\/2023\/04\/grafik-2.png\" alt=\"\"><\/p>\r\n\r\n\r\n<div class=\"wp-block-image is-style-default\">\r\n<figure class=\"aligncenter size-full is-resized\"><img loading=\"lazy\" decoding=\"async\" width=\"61\" height=\"62\" src=\"https:\/\/co2inno.com\/wp-content\/uploads\/2023\/04\/grafik-4.png\" alt=\"\" class=\"wp-image-103\" style=\"width:89px;height:90px\"\/><\/figure>\r\n<\/div>\r\n\r\n<div class=\"wp-block-image is-style-default\">\r\n<figure class=\"aligncenter size-full\"><img loading=\"lazy\" decoding=\"async\" width=\"81\" height=\"40\" src=\"https:\/\/co2inno.com\/wp-content\/uploads\/2023\/04\/grafik-5.png\" alt=\"\" class=\"wp-image-104\"\/><\/figure>\r\n<\/div>\r\n\r\n<div class=\"wp-block-image is-style-default\">\r\n<figure class=\"aligncenter size-full\"><img loading=\"lazy\" decoding=\"async\" width=\"169\" height=\"75\" src=\"https:\/\/co2inno.com\/wp-content\/uploads\/2023\/04\/grafik-6.png\" alt=\"\" class=\"wp-image-105\"\/><\/figure>\r\n<\/div>\r\n\r\n<div class=\"wp-block-image is-style-default\">\r\n<figure class=\"aligncenter size-full\"><img loading=\"lazy\" decoding=\"async\" width=\"93\" height=\"95\" src=\"https:\/\/co2inno.com\/wp-content\/uploads\/2023\/04\/grafik-7.png\" alt=\"\" class=\"wp-image-106\"\/><\/figure>\r\n<\/div>\r\n\r\n<div class=\"wp-block-image is-style-default\">\r\n<figure class=\"aligncenter\"><img loading=\"lazy\" decoding=\"async\" width=\"169\" height=\"80\" src=\"https:\/\/co2inno.com\/wp-content\/uploads\/2023\/04\/grafik-8.png\" alt=\"\" class=\"wp-image-107\"\/><\/figure>\r\n<\/div>\r\n\r\n<div class=\"wp-block-image is-style-default\">\r\n<figure class=\"aligncenter size-full\"><img loading=\"lazy\" decoding=\"async\" width=\"164\" height=\"54\" src=\"https:\/\/co2inno.com\/wp-content\/uploads\/2023\/04\/grafik-9.png\" alt=\"\" class=\"wp-image-108\"\/><\/figure>\r\n<\/div>\r\n\r\n<div class=\"wp-block-image\">\r\n<figure class=\"aligncenter size-full\"><img loading=\"lazy\" decoding=\"async\" width=\"130\" height=\"62\" src=\"https:\/\/co2inno.com\/wp-content\/uploads\/2023\/04\/grafik-11.png\" alt=\"\" class=\"wp-image-110\"\/><\/figure>\r\n<\/div>\r\n\r\n<div class=\"wp-block-image is-style-default\">\r\n<figure class=\"aligncenter\"><img loading=\"lazy\" decoding=\"async\" width=\"88\" height=\"77\" src=\"https:\/\/co2inno.com\/wp-content\/uploads\/2023\/04\/grafik-12.png\" alt=\"\" class=\"wp-image-111\"\/><\/figure>\r\n<\/div>\r\n\r\n\r\n<p><\/p>\r\n\r\n\r\n\r\n<p class=\"has-text-align-center\"><strong>Partenaires associ\u00e9s :<\/strong><\/p>\r\n\r\n\r\n<div class=\"wp-block-image\">\r\n<figure class=\"aligncenter\"><img loading=\"lazy\" decoding=\"async\" width=\"88\" height=\"102\" src=\"https:\/\/co2inno.com\/wp-content\/uploads\/2023\/04\/grafik-13.png\" alt=\"\" class=\"wp-image-112\"\/><\/figure>\r\n<\/div>\r\n\r\n<div class=\"wp-block-image\">\r\n<figure class=\"aligncenter size-full\"><img loading=\"lazy\" decoding=\"async\" width=\"115\" height=\"33\" src=\"https:\/\/co2inno.com\/wp-content\/uploads\/2023\/04\/grafik-10.png\" alt=\"\" class=\"wp-image-109\"\/><\/figure>\r\n<\/div>\r\n\r\n\r\n<p><\/p>\r\n","protected":false},"excerpt":{"rendered":"<p>Co-financ\u00e9 par Interreg Oberrhein\/Rhin Sup\u00e9rieur Partenaires co-financ\u00e9s : Partenaires associ\u00e9s :<\/p>\n","protected":false},"author":2,"featured_media":0,"parent":0,"menu_order":0,"comment_status":"closed","ping_status":"closed","template":"","meta":{"_kadence_starter_templates_imported_post":false,"_kad_post_transparent":"","_kad_post_title":"","_kad_post_layout":"","_kad_post_sidebar_id":"","_kad_post_content_style":"","_kad_post_vertical_padding":"","_kad_post_feature":"","_kad_post_feature_position":"","_kad_post_header":false,"_kad_post_footer":false,"footnotes":""},"class_list":["post-836","page","type-page","status-publish","hentry"],"_links":{"self":[{"href":"https:\/\/co2inno.com\/fr\/wp-json\/wp\/v2\/pages\/836","targetHints":{"allow":["GET"]}}],"collection":[{"href":"https:\/\/co2inno.com\/fr\/wp-json\/wp\/v2\/pages"}],"about":[{"href":"https:\/\/co2inno.com\/fr\/wp-json\/wp\/v2\/types\/page"}],"author":[{"embeddable":true,"href":"https:\/\/co2inno.com\/fr\/wp-json\/wp\/v2\/users\/2"}],"replies":[{"embeddable":true,"href":"https:\/\/co2inno.com\/fr\/wp-json\/wp\/v2\/comments?post=836"}],"version-history":[{"count":1,"href":"https:\/\/co2inno.com\/fr\/wp-json\/wp\/v2\/pages\/836\/revisions"}],"predecessor-version":[{"id":837,"href":"https:\/\/co2inno.com\/fr\/wp-json\/wp\/v2\/pages\/836\/revisions\/837"}],"wp:attachment":[{"href":"https:\/\/co2inno.com\/fr\/wp-json\/wp\/v2\/media?parent=836"}],"curies":[{"name":"wp","href":"https:\/\/api.w.org\/{rel}","templated":true}]}}