{"id":826,"date":"2023-04-04T08:00:48","date_gmt":"2023-04-04T08:00:48","guid":{"rendered":"https:\/\/co2inno.com\/?page_id=826"},"modified":"2024-10-25T09:19:44","modified_gmt":"2024-10-25T09:19:44","slug":"le-projet","status":"publish","type":"page","link":"https:\/\/co2inno.com\/fr\/le-projet\/","title":{"rendered":"Le projet"},"content":{"rendered":"\n<p><strong>CO2InnO : R\u00e9gion pilote d&rsquo;innovation en laboratoire r\u00e9el neutre en CO2 Rhin sup\u00e9rieur : d\u00e9veloppement de solutions en mati\u00e8re d&rsquo;\u00e9nergie et de mobilit\u00e9<\/strong><\/p>\n\n\n\n<p>&#8211;&nbsp; Chef de projet : Prof. Koch, B.<\/p>\n\n\n\n<p>&#8211; Dur\u00e9e du contrat : 01.10.2022 au 30.09.2025<\/p>\n\n\n\n<p>La r\u00e9gion du Rhin sup\u00e9rieur doit \u00eatre d\u00e9velopp\u00e9e en tant que r\u00e9gion pilote d&rsquo;une r\u00e9gion \u00e9conomique innovante, sans \u00e9missions de gaz \u00e0 effet de serre, bas\u00e9e sur un concept d&rsquo;\u00e9nergie et de transport durables, tout en promouvant la cr\u00e9ation de valeur \u00e9conomique et la cr\u00e9ation d&#8217;emplois. Cela offre la possibilit\u00e9 de concevoir des concepts de transformation \u00e0 l&rsquo;\u00e9chelle binationale, de d\u00e9montrer leur faisabilit\u00e9 \u00e0 long terme et de contribuer de mani\u00e8re tangible \u00e0 la transformation \u00e9nerg\u00e9tique r\u00e9gionale. <\/p>\n\n\n\n<p>Le projet CO2InnO vise \u00e0 faire progresser le processus de transformation vers un Rhin sup\u00e9rieur climatiquement neutre en cr\u00e9ant un laboratoire vivant qui pr\u00e9sente des solutions \u00e9nerg\u00e9tiques concr\u00e8tes, en particulier des centrales de production combin\u00e9e de chaleur et d&rsquo;\u00e9lectricit\u00e9 \u00e0 base d&rsquo;hydrog\u00e8ne pour la production d&rsquo;\u00e9lectricit\u00e9 et de chaleur et l&rsquo;e-mobilit\u00e9.<\/p>\n\n\n\n<p>La situation initiale sera d\u00e9crite \u00e0 l&rsquo;aide de l&rsquo;exemple de deux communaut\u00e9s mod\u00e8les, l&rsquo;une en France et l&rsquo;autre en Allemagne. Ensuite, une unit\u00e9 de cog\u00e9n\u00e9ration \u00e0 base d&rsquo;hydrog\u00e8ne sera d\u00e9velopp\u00e9e comme d\u00e9monstrateur. Enfin, les r\u00e9sultats seront collect\u00e9s et des recommandations d&rsquo;action seront formul\u00e9es. Celles-ci seront publi\u00e9es et discut\u00e9es avec les citoyens et les parties prenantes responsables afin de faire progresser la mise en \u0153uvre d&rsquo;un approvisionnement \u00e9nerg\u00e9tique neutre sur le plan climatique et d\u00e9centralis\u00e9. En outre, un programme de simulation&nbsp; permettra aux parties prenantes (municipalit\u00e9s, institutions publiques, sites industriels) d&rsquo;\u00e9valuer les avantages du syst\u00e8me pour leur situation locale.    <\/p>\n","protected":false},"excerpt":{"rendered":"<p>CO2InnO : R\u00e9gion pilote d&rsquo;innovation en laboratoire r\u00e9el neutre en CO2 Rhin sup\u00e9rieur : d\u00e9veloppement de solutions en mati\u00e8re d&rsquo;\u00e9nergie et de mobilit\u00e9 &#8211;&nbsp; Chef de projet : Prof. Koch, B. &#8211; Dur\u00e9e du contrat : 01.10.2022 au 30.09.2025 La r\u00e9gion du Rhin sup\u00e9rieur doit \u00eatre d\u00e9velopp\u00e9e en tant que r\u00e9gion pilote d&rsquo;une r\u00e9gion \u00e9conomique&#8230;<\/p>\n","protected":false},"author":2,"featured_media":0,"parent":0,"menu_order":0,"comment_status":"closed","ping_status":"closed","template":"","meta":{"_kadence_starter_templates_imported_post":false,"_kad_post_transparent":"","_kad_post_title":"","_kad_post_layout":"","_kad_post_sidebar_id":"","_kad_post_content_style":"","_kad_post_vertical_padding":"","_kad_post_feature":"","_kad_post_feature_position":"","_kad_post_header":false,"_kad_post_footer":false,"footnotes":""},"class_list":["post-826","page","type-page","status-publish","hentry"],"_links":{"self":[{"href":"https:\/\/co2inno.com\/fr\/wp-json\/wp\/v2\/pages\/826","targetHints":{"allow":["GET"]}}],"collection":[{"href":"https:\/\/co2inno.com\/fr\/wp-json\/wp\/v2\/pages"}],"about":[{"href":"https:\/\/co2inno.com\/fr\/wp-json\/wp\/v2\/types\/page"}],"author":[{"embeddable":true,"href":"https:\/\/co2inno.com\/fr\/wp-json\/wp\/v2\/users\/2"}],"replies":[{"embeddable":true,"href":"https:\/\/co2inno.com\/fr\/wp-json\/wp\/v2\/comments?post=826"}],"version-history":[{"count":2,"href":"https:\/\/co2inno.com\/fr\/wp-json\/wp\/v2\/pages\/826\/revisions"}],"predecessor-version":[{"id":889,"href":"https:\/\/co2inno.com\/fr\/wp-json\/wp\/v2\/pages\/826\/revisions\/889"}],"wp:attachment":[{"href":"https:\/\/co2inno.com\/fr\/wp-json\/wp\/v2\/media?parent=826"}],"curies":[{"name":"wp","href":"https:\/\/api.w.org\/{rel}","templated":true}]}}