{"id":819,"date":"2023-04-04T08:20:02","date_gmt":"2023-04-04T08:20:02","guid":{"rendered":"https:\/\/co2inno.com\/?page_id=819"},"modified":"2024-10-25T09:27:17","modified_gmt":"2024-10-25T09:27:17","slug":"lots-de-travail","status":"publish","type":"page","link":"https:\/\/co2inno.com\/fr\/lots-de-travail\/","title":{"rendered":"Paquets de travail"},"content":{"rendered":"\n<p>Le projet est divis\u00e9 en sept groupes de travail (WP) visant \u00e0 analyser l&rsquo;impact et les cas d&rsquo;utilisation des technologies innovantes dans la r\u00e9gion du Rhin sup\u00e9rieur.<\/p>\n\n\n\n<figure class=\"wp-block-image size-large is-resized\"><img loading=\"lazy\" decoding=\"async\" src=\"https:\/\/co2inno.com\/wp-content\/uploads\/2023\/08\/grafik-transformed-1024x522.png\" alt=\"\" class=\"wp-image-249\" style=\"width:1002px;height:511px\" width=\"1002\" height=\"511\" srcset=\"https:\/\/co2inno.com\/wp-content\/uploads\/2023\/08\/grafik-transformed-1024x522.png 1024w, https:\/\/co2inno.com\/wp-content\/uploads\/2023\/08\/grafik-transformed-300x153.png 300w, https:\/\/co2inno.com\/wp-content\/uploads\/2023\/08\/grafik-transformed-768x392.png 768w, https:\/\/co2inno.com\/wp-content\/uploads\/2023\/08\/grafik-transformed.png 1392w\" sizes=\"auto, (max-width: 1002px) 100vw, 1002px\" \/><\/figure>\n\n\n\n<p>Le <strong>WP1<\/strong> englobe l&rsquo;organisation et la coordination des efforts dans les projets. S\u00e9curiser les connaissances et assurer la communication entre les partenaires et les parties prenantes externes. L&rsquo;implication des utilisateurs potentiels dans le d\u00e9veloppement des technologies les rendra plus accessibles et adapt\u00e9es aux besoins des utilisateurs, ce qui permettra d&rsquo;acc\u00e9l\u00e9rer la prise en charge de la technologie. Les t\u00e2ches communes font l&rsquo;objet d&rsquo;une coordination centrale et les chevauchements entre les groupes de travail signifient que l&rsquo;\u00e9change entre eux est la cl\u00e9 du succ\u00e8s.   <\/p>\n\n\n\n<p><strong>WP2 <\/strong>est le paquet de recherche central dans lequel une centrale innovante de production combin\u00e9e de chaleur et d&rsquo;\u00e9lectricit\u00e9 (CHP) fonctionnant \u00e0 l&rsquo;hydrog\u00e8ne et, pendant une p\u00e9riode interm\u00e9diaire, avec un m\u00e9lange de gaz et d&rsquo;hydrog\u00e8ne, est d\u00e9velopp\u00e9e et test\u00e9e en laboratoire. Dirig\u00e9 par l&rsquo;HKA, ce WP a pour objectif d&rsquo;utiliser un mod\u00e8le num\u00e9rique afin d&rsquo;atteindre facilement la faisabilit\u00e9 de l&rsquo;utilisation d&rsquo;une telle PCCE \u00e0 plus grande \u00e9chelle dans la r\u00e9gion du Rhin sup\u00e9rieur pour les utilisateurs potentiels. <\/p>\n\n\n\n<p>Le <strong>WP3 <\/strong>se concentre sur la mobilit\u00e9 durable et fait l&rsquo;objet de recherches \u00e0 l&rsquo;universit\u00e9 de Fribourg. La recherche se concentre sur l&rsquo;utilisation de la mobilit\u00e9 \u00e9lectrique en tant qu&rsquo;extension de la centrale de cog\u00e9n\u00e9ration. L&rsquo;objectif est de visualiser et d&rsquo;analyser l&rsquo;infrastructure actuelle afin de pouvoir formuler des recommandations pour l&rsquo;expansion de la mobilit\u00e9 sans \u00e9missions.  <\/p>\n\n\n\n<p>Le <strong>WP4 <\/strong>est dirig\u00e9 par HS-Kehl et comprend une analyse juridique et administrative des nouvelles technologies qui sont recherch\u00e9es et d\u00e9velopp\u00e9es. \u00c9tant donn\u00e9 les diff\u00e9rents cadres juridiques des trois pays qui font partie de la r\u00e9gion, une analyse et une comparaison approfondies des normes juridiques sont essentielles. Deux partenaires impliqu\u00e9s dans le projet sont situ\u00e9s en Allemagne (ville d&rsquo;Offenburg) et en France (CeA). L&rsquo;accent est donc mis sur une comparaison franco-allemande des \u00e9tapes n\u00e9cessaires pour int\u00e9grer la cog\u00e9n\u00e9ration, l&rsquo;hydrog\u00e8ne et la mobilit\u00e9 des v\u00e9hicules \u00e9lectriques dans les deux pays.  <\/p>\n\n\n\n<p><strong>Le WP5<\/strong>, dirig\u00e9 par le KIT-DFIU, se concentre sur la recherche d&rsquo;acceptation des nouvelles technologies. Leur contribution consiste \u00e0 identifier les besoins et les attentes des parties prenantes. Pour s&rsquo;assurer que les technologies parviennent aux utilisateurs et peuvent \u00eatre utilis\u00e9es efficacement, leur acceptation par le public et les administrations est n\u00e9cessaire pour que les innovations technologiques soient couronn\u00e9es de succ\u00e8s.  <\/p>\n\n\n\n<p>Le <strong>WP6 <\/strong>fait l&rsquo;objet de recherches \u00e0 l&rsquo;UHA et porte sur la cybers\u00e9curit\u00e9 des syst\u00e8mes \u00e9nerg\u00e9tiques. La s\u00e9curit\u00e9 du r\u00e9seau est un facteur important pour les syst\u00e8mes \u00e9nerg\u00e9tiques, o\u00f9 qu&rsquo;ils soient, et c&rsquo;est pourquoi le projet int\u00e8gre \u00e9galement une perspective de s\u00e9curit\u00e9 pour prot\u00e9ger et travailler sur les r\u00e9seaux \u00e9nerg\u00e9tiques. Les syst\u00e8mes \u00e9nerg\u00e9tiques d\u00e9centralis\u00e9s et la distribution d&rsquo;\u00e9lectricit\u00e9 jouent un r\u00f4le de plus en plus important en connectant les utilisateurs aux fournisseurs.  <\/p>\n\n\n\n<p><strong>Le WP7 <\/strong>traite de la perspective du d\u00e9mant\u00e8lement et de la r\u00e9utilisation des mat\u00e9riaux d&rsquo;une centrale nucl\u00e9aire d\u00e9saffect\u00e9e. Plus pr\u00e9cis\u00e9ment, la centrale de Fessenheim, qui a \u00e9t\u00e9 ferm\u00e9e en 2020, contient de nombreux mat\u00e9riaux utiles qui peuvent \u00eatre r\u00e9cup\u00e9r\u00e9s. Le programme de travail analyse l&rsquo;\u00e9tat dans lequel ces mat\u00e9riaux doivent se trouver pour \u00eatre r\u00e9utilis\u00e9s et la mani\u00e8re dont leur utilisation peut avoir un impact sur le cycle de vie. Il sert \u00e0 donner une perspective sur la fa\u00e7on dont le cycle de vie de diff\u00e9rents sc\u00e9narios peut se d\u00e9rouler et \u00e0 d\u00e9terminer si les mat\u00e9riaux qui \u00e9taient auparavant utilis\u00e9s pour l&rsquo;\u00e9nergie nucl\u00e9aire peuvent \u00eatre utiles pour d\u00e9velopper un syst\u00e8me \u00e9nerg\u00e9tique neutre en carbone.   <\/p>\n","protected":false},"excerpt":{"rendered":"<p>Le projet est divis\u00e9 en sept groupes de travail (WP) visant \u00e0 analyser l&rsquo;impact et les cas d&rsquo;utilisation des technologies innovantes dans la r\u00e9gion du Rhin sup\u00e9rieur. Le WP1 englobe l&rsquo;organisation et la coordination des efforts dans les projets. S\u00e9curiser les connaissances et assurer la communication entre les partenaires et les parties prenantes externes. L&rsquo;implication&#8230;<\/p>\n","protected":false},"author":2,"featured_media":0,"parent":0,"menu_order":0,"comment_status":"closed","ping_status":"closed","template":"","meta":{"_kadence_starter_templates_imported_post":false,"_kad_post_transparent":"","_kad_post_title":"","_kad_post_layout":"","_kad_post_sidebar_id":"","_kad_post_content_style":"","_kad_post_vertical_padding":"","_kad_post_feature":"","_kad_post_feature_position":"","_kad_post_header":false,"_kad_post_footer":false,"footnotes":""},"class_list":["post-819","page","type-page","status-publish","hentry"],"_links":{"self":[{"href":"https:\/\/co2inno.com\/fr\/wp-json\/wp\/v2\/pages\/819","targetHints":{"allow":["GET"]}}],"collection":[{"href":"https:\/\/co2inno.com\/fr\/wp-json\/wp\/v2\/pages"}],"about":[{"href":"https:\/\/co2inno.com\/fr\/wp-json\/wp\/v2\/types\/page"}],"author":[{"embeddable":true,"href":"https:\/\/co2inno.com\/fr\/wp-json\/wp\/v2\/users\/2"}],"replies":[{"embeddable":true,"href":"https:\/\/co2inno.com\/fr\/wp-json\/wp\/v2\/comments?post=819"}],"version-history":[{"count":2,"href":"https:\/\/co2inno.com\/fr\/wp-json\/wp\/v2\/pages\/819\/revisions"}],"predecessor-version":[{"id":907,"href":"https:\/\/co2inno.com\/fr\/wp-json\/wp\/v2\/pages\/819\/revisions\/907"}],"wp:attachment":[{"href":"https:\/\/co2inno.com\/fr\/wp-json\/wp\/v2\/media?parent=819"}],"curies":[{"name":"wp","href":"https:\/\/api.w.org\/{rel}","templated":true}]}}