{"id":795,"date":"2023-04-12T08:15:16","date_gmt":"2023-04-12T08:15:16","guid":{"rendered":"https:\/\/co2inno.com\/?page_id=795"},"modified":"2025-12-04T14:18:10","modified_gmt":"2025-12-04T14:18:10","slug":"co2inno-real-laboratory-co2-neutral-innovation-region-upper-rhine","status":"publish","type":"page","link":"https:\/\/co2inno.com\/fr\/co2inno-real-laboratory-co2-neutral-innovation-region-upper-rhine\/","title":{"rendered":"CO2InnO : Laboratoire vivant pour une r\u00e9gion d\u2019innovation neutre en CO2"},"content":{"rendered":"\n\n\n<p class=\"has-text-align-left has-large-font-size\">  Id\u00e9es pour une r\u00e9gion pilote climatiquement neutre<\/p>\n\n\n\n<div class=\"wp-block-columns is-layout-flex wp-container-core-columns-is-layout-9d6595d7 wp-block-columns-is-layout-flex\">\n<div class=\"wp-block-column is-layout-flow wp-block-column-is-layout-flow\" style=\"flex-basis:33.33%\">\n<figure class=\"wp-block-image size-large is-style-default\"><img decoding=\"async\" src=\"https:\/\/co2inno.com\/wp-content\/uploads\/2023\/05\/AdobeStock_359471030-scaled.jpeg\" alt=\"\"><\/figure>\n<\/div>\n\n\n\n<div class=\"wp-block-column is-layout-flow wp-block-column-is-layout-flow\" style=\"flex-basis:66.66%\">\n<p>La r\u00e9gion du Rhin sup\u00e9rieur est sur le point de devenir une zone \u00e9conomique pilote exempte d&rsquo;\u00e9missions de gaz \u00e0 effet de serre, ax\u00e9e sur l&rsquo;\u00e9nergie et les transports durables. Le projet CO2InnO vise \u00e0 contribuer \u00e0 la transformation de la r\u00e9gion en un centre climatiquement neutre, en pr\u00e9sentant des solutions bas\u00e9es sur l&rsquo;hydrog\u00e8ne pour la production d&rsquo;\u00e9lectricit\u00e9 et de chaleur, ainsi que pour l&rsquo;e-mobilit\u00e9. L&rsquo;objectif est de tester et de promouvoir des solutions d\u00e9centralis\u00e9es et climatiquement neutres en mati\u00e8re d&rsquo;\u00e9nergie et de transport, et d&rsquo;\u00e9valuer leurs avantages pour les syst\u00e8mes locaux et r\u00e9gionaux. Pour ce faire, les partenaires du projet travaillent en \u00e9troite collaboration avec les citoyens et les parties prenantes fran\u00e7ais et allemands.   <\/p>\n\n\n\n<p>CO2InnO \u00e9tudie les \u00e9l\u00e9ments suivants :<br>&#8211; Unit\u00e9 de production combin\u00e9e de chaleur et d&rsquo;\u00e9lectricit\u00e9 (PCCE) \u00e0 base d&rsquo;hydrog\u00e8ne (d\u00e9monstrateur)<br>&#8211; Mobilit\u00e9 durable et infrastructure de recharge<br>&#8211; Cybers\u00e9curit\u00e9 dans les syst\u00e8mes \u00e9nerg\u00e9tiques<br>&#8211; Cadres techniques, administratifs et juridiques<br>&#8211; Acceptation soci\u00e9tale<br>&#8211; Impact du d\u00e9mant\u00e8lement des centrales nucl\u00e9aires<\/p>\n<\/div>\n<\/div>\n\n\n\n<p>Chef du consortium : Barbara Koch, Universit\u00e9 Albert-Ludwigs de Fribourg, Chaire de t\u00e9l\u00e9d\u00e9tection et de syst\u00e8mes d&rsquo;information sur les paysages (FeLis) ; contact via : <a href=\"mailto:info@co2inno.com\">info@co2inno.com<\/a><\/p>\n\n\n\n<p><em>Foto : Leonid Andronov\/stock.adobe.com<\/em><\/p>\n\n\n\n\n","protected":false},"excerpt":{"rendered":"<p>Id\u00e9es pour une r\u00e9gion pilote climatiquement neutre La r\u00e9gion du Rhin sup\u00e9rieur est sur le point de devenir une zone \u00e9conomique pilote exempte d&rsquo;\u00e9missions de gaz \u00e0 effet de serre, ax\u00e9e sur l&rsquo;\u00e9nergie et les transports durables. Le projet CO2InnO vise \u00e0 contribuer \u00e0 la transformation de la r\u00e9gion en un centre climatiquement neutre, en&#8230;<\/p>\n","protected":false},"author":2,"featured_media":0,"parent":0,"menu_order":0,"comment_status":"closed","ping_status":"closed","template":"","meta":{"_kadence_starter_templates_imported_post":false,"_kad_post_transparent":"","_kad_post_title":"","_kad_post_layout":"","_kad_post_sidebar_id":"","_kad_post_content_style":"","_kad_post_vertical_padding":"","_kad_post_feature":"","_kad_post_feature_position":"","_kad_post_header":false,"_kad_post_footer":false,"footnotes":""},"class_list":["post-795","page","type-page","status-publish","hentry"],"_links":{"self":[{"href":"https:\/\/co2inno.com\/fr\/wp-json\/wp\/v2\/pages\/795","targetHints":{"allow":["GET"]}}],"collection":[{"href":"https:\/\/co2inno.com\/fr\/wp-json\/wp\/v2\/pages"}],"about":[{"href":"https:\/\/co2inno.com\/fr\/wp-json\/wp\/v2\/types\/page"}],"author":[{"embeddable":true,"href":"https:\/\/co2inno.com\/fr\/wp-json\/wp\/v2\/users\/2"}],"replies":[{"embeddable":true,"href":"https:\/\/co2inno.com\/fr\/wp-json\/wp\/v2\/comments?post=795"}],"version-history":[{"count":7,"href":"https:\/\/co2inno.com\/fr\/wp-json\/wp\/v2\/pages\/795\/revisions"}],"predecessor-version":[{"id":1127,"href":"https:\/\/co2inno.com\/fr\/wp-json\/wp\/v2\/pages\/795\/revisions\/1127"}],"wp:attachment":[{"href":"https:\/\/co2inno.com\/fr\/wp-json\/wp\/v2\/media?parent=795"}],"curies":[{"name":"wp","href":"https:\/\/api.w.org\/{rel}","templated":true}]}}