{"id":1137,"date":"2025-12-04T14:13:40","date_gmt":"2025-12-04T14:13:40","guid":{"rendered":"https:\/\/co2inno.com\/le-rapport-final-du-projet-est-disponible\/"},"modified":"2025-12-04T14:13:40","modified_gmt":"2025-12-04T14:13:40","slug":"le-rapport-final-du-projet-est-disponible","status":"publish","type":"page","link":"https:\/\/co2inno.com\/fr\/","title":{"rendered":"Le rapport final du projet est disponible"},"content":{"rendered":"\n<p>Le projet est termin\u00e9 et les r\u00e9sultats finaux sont disponibles d\u00e8s maintenant !<\/p>\n\n\n\n<p>Acc\u00e9dez \u00e0 tous les r\u00e9sultats des projets class\u00e9s par lots de travail et lisez le rapport final r\u00e9sumant les conclusions !<\/p>\n\n\n\n<p>Le rapport final peut \u00eatre t\u00e9l\u00e9charg\u00e9 en fran\u00e7ais et en allemand <a href=\"https:\/\/co2inno.com\/project-results-and-final-report\/\">ici<\/a>.<\/p>\n\n\n\n<p>Merci \u00e0 tous ceux qui ont particip\u00e9 \u00e0 ce projet et qui ont fourni des informations pertinentes.<\/p>\n\n\n\n<figure class=\"wp-block-gallery has-nested-images columns-default is-cropped wp-block-gallery-1 is-layout-flex wp-block-gallery-is-layout-flex\">\n<figure class=\"wp-block-image size-large\"><img decoding=\"async\" data-id=\"1116\" src=\"https:\/\/co2inno.com\/wp-content\/uploads\/2025\/12\/1.-Kolloquium_Freiburg-%C2%A9TRION-climate-e.V-1024x530.jpg\" alt=\"\" class=\"wp-image-1116\"><\/figure>\n\n\n\n<figure class=\"wp-block-image size-large\"><img decoding=\"async\" data-id=\"1119\" src=\"https:\/\/co2inno.com\/wp-content\/uploads\/2025\/12\/2.-Elektromobilitat_Colmar-%C2%A9TRION-climate-e.V-1024x683.jpg\" alt=\"\" class=\"wp-image-1119\"><\/figure>\n\n\n\n<figure class=\"wp-block-image size-large\"><img decoding=\"async\" data-id=\"1122\" src=\"https:\/\/co2inno.com\/wp-content\/uploads\/2025\/12\/3.-Abschlusskolloquium_Strasbourg-%C2%A9TRION-climate-e.V-1024x683.jpg\" alt=\"\" class=\"wp-image-1122\"><\/figure>\n<\/figure>\n","protected":false},"excerpt":{"rendered":"<p>Le projet est termin\u00e9 et les r\u00e9sultats finaux sont disponibles d\u00e8s maintenant ! Acc\u00e9dez \u00e0 tous les r\u00e9sultats des projets class\u00e9s par lots de travail et lisez le rapport final r\u00e9sumant les conclusions ! Le rapport final peut \u00eatre t\u00e9l\u00e9charg\u00e9 en fran\u00e7ais et en allemand ici. Merci \u00e0 tous ceux qui ont particip\u00e9 \u00e0 ce&#8230;<\/p>\n","protected":false},"author":2,"featured_media":0,"parent":0,"menu_order":0,"comment_status":"closed","ping_status":"closed","template":"","meta":{"_kadence_starter_templates_imported_post":false,"_kad_post_transparent":"","_kad_post_title":"","_kad_post_layout":"","_kad_post_sidebar_id":"","_kad_post_content_style":"","_kad_post_vertical_padding":"","_kad_post_feature":"","_kad_post_feature_position":"","_kad_post_header":false,"_kad_post_footer":false,"footnotes":""},"class_list":["post-1137","page","type-page","status-publish","hentry"],"_links":{"self":[{"href":"https:\/\/co2inno.com\/fr\/wp-json\/wp\/v2\/pages\/1137","targetHints":{"allow":["GET"]}}],"collection":[{"href":"https:\/\/co2inno.com\/fr\/wp-json\/wp\/v2\/pages"}],"about":[{"href":"https:\/\/co2inno.com\/fr\/wp-json\/wp\/v2\/types\/page"}],"author":[{"embeddable":true,"href":"https:\/\/co2inno.com\/fr\/wp-json\/wp\/v2\/users\/2"}],"replies":[{"embeddable":true,"href":"https:\/\/co2inno.com\/fr\/wp-json\/wp\/v2\/comments?post=1137"}],"version-history":[{"count":0,"href":"https:\/\/co2inno.com\/fr\/wp-json\/wp\/v2\/pages\/1137\/revisions"}],"wp:attachment":[{"href":"https:\/\/co2inno.com\/fr\/wp-json\/wp\/v2\/media?parent=1137"}],"curies":[{"name":"wp","href":"https:\/\/api.w.org\/{rel}","templated":true}]}}