{"id":1130,"date":"2025-12-04T14:07:46","date_gmt":"2025-12-04T14:07:46","guid":{"rendered":"https:\/\/co2inno.com\/resultats-du-projet-2\/"},"modified":"2025-12-04T14:07:46","modified_gmt":"2025-12-04T14:07:46","slug":"resultats-du-projet-2","status":"publish","type":"page","link":"https:\/\/co2inno.com\/fr\/resultats-du-projet-2\/","title":{"rendered":"R\u00e9sultats du projet"},"content":{"rendered":"\n<p>Vous trouverez ci-dessous tous les r\u00e9sultats des projets, class\u00e9s par module de travail. Si vous cherchez le rapport synth\u00e9tisant ces r\u00e9sultats, cliquez ici. <\/p>\n\n\n\n<p>WP1 &#8211; Pr\u00e9paration et coordination du projet<\/p>\n\n\n\n<p>WP2 &#8211; D\u00e9monstration d&rsquo;un couplage chaleur-\u00e9lectricit\u00e9 sans \u00e9missions<\/p>\n\n\n\n<p>WP3 &#8211; D\u00e9monstration de la mobilit\u00e9 durable<\/p>\n\n\n\n<p>WP4 &#8211; Analyse de la l\u00e9galit\u00e9 et de la l\u00e9galit\u00e9 administrative<\/p>\n\n\n\n<p>WP5 &#8211; Recherche int\u00e9grative en mati\u00e8re d&rsquo;akzeptanzforschung<\/p>\n\n\n\n<p>WP6 &#8211; \u00c9valuation multidisciplinaire de la cybers\u00e9curit\u00e9 dans les syst\u00e8mes \u00e9nerg\u00e9tiques<\/p>\n\n\n\n<p>WP7 &#8211; \u00c9valuation de l&rsquo;impact du d\u00e9classement d&rsquo;un site nucl\u00e9aire central pour le d\u00e9veloppement de solutions \u00e9nerg\u00e9tiques \u00e0 faible teneur en carbone<\/p>\n","protected":false},"excerpt":{"rendered":"<p>Vous trouverez ci-dessous tous les r\u00e9sultats des projets, class\u00e9s par module de travail. Si vous cherchez le rapport synth\u00e9tisant ces r\u00e9sultats, cliquez ici. WP1 &#8211; Pr\u00e9paration et coordination du projet WP2 &#8211; D\u00e9monstration d&rsquo;un couplage chaleur-\u00e9lectricit\u00e9 sans \u00e9missions WP3 &#8211; D\u00e9monstration de la mobilit\u00e9 durable WP4 &#8211; Analyse de la l\u00e9galit\u00e9 et de la l\u00e9galit\u00e9&#8230;<\/p>\n","protected":false},"author":2,"featured_media":0,"parent":0,"menu_order":0,"comment_status":"closed","ping_status":"closed","template":"","meta":{"_kadence_starter_templates_imported_post":false,"_kad_post_transparent":"","_kad_post_title":"","_kad_post_layout":"","_kad_post_sidebar_id":"","_kad_post_content_style":"","_kad_post_vertical_padding":"","_kad_post_feature":"","_kad_post_feature_position":"","_kad_post_header":false,"_kad_post_footer":false,"footnotes":""},"class_list":["post-1130","page","type-page","status-publish","hentry"],"_links":{"self":[{"href":"https:\/\/co2inno.com\/fr\/wp-json\/wp\/v2\/pages\/1130","targetHints":{"allow":["GET"]}}],"collection":[{"href":"https:\/\/co2inno.com\/fr\/wp-json\/wp\/v2\/pages"}],"about":[{"href":"https:\/\/co2inno.com\/fr\/wp-json\/wp\/v2\/types\/page"}],"author":[{"embeddable":true,"href":"https:\/\/co2inno.com\/fr\/wp-json\/wp\/v2\/users\/2"}],"replies":[{"embeddable":true,"href":"https:\/\/co2inno.com\/fr\/wp-json\/wp\/v2\/comments?post=1130"}],"version-history":[{"count":0,"href":"https:\/\/co2inno.com\/fr\/wp-json\/wp\/v2\/pages\/1130\/revisions"}],"wp:attachment":[{"href":"https:\/\/co2inno.com\/fr\/wp-json\/wp\/v2\/media?parent=1130"}],"curies":[{"name":"wp","href":"https:\/\/api.w.org\/{rel}","templated":true}]}}