{"id":1128,"date":"2025-12-04T14:07:05","date_gmt":"2025-12-04T14:07:05","guid":{"rendered":"https:\/\/co2inno.com\/resultats-du-projet-et-rapport-final\/"},"modified":"2025-12-04T14:07:05","modified_gmt":"2025-12-04T14:07:05","slug":"resultats-du-projet-et-rapport-final","status":"publish","type":"page","link":"https:\/\/co2inno.com\/fr\/resultats-du-projet-et-rapport-final\/","title":{"rendered":"R\u00e9sultats du projet et rapport final"},"content":{"rendered":"\n<p>\u00c0 la fin du projet de recherche, les r\u00e9sultats de tous les lots de travail ont \u00e9t\u00e9 rassembl\u00e9s et synth\u00e9tis\u00e9s dans un rapport final. Une feuille de route condens\u00e9e montre la voie \u00e0 suivre, avec des explications approfondies sur les objectifs, les m\u00e9thodes et les r\u00e9sultats de la recherche pour chaque partie du projet.   <\/p>\n\n\n\n<p>Trois ann\u00e9es de recherche ont abouti \u00e0 ces r\u00e9sultats et montrent les options pour une r\u00e9gion du Rhin sup\u00e9rieur plus durable.  <\/p>\n\n\n\n<div data-wp-interactive=\"core\/file\" class=\"wp-block-file\"><object data-wp-bind--hidden=\"!state.hasPdfPreview\" hidden class=\"wp-block-file__embed\" data=\"https:\/\/co2inno.com\/wp-content\/uploads\/2025\/12\/Endbericht-WIP_formatiert_-DE_final.pdf\" type=\"application\/pdf\" style=\"width:100%;height:600px\" aria-label=\"Contenu embarqu\u00e9 Endbericht_DE_final.\"><\/object><a id=\"wp-block-file--media-1d9e3236-8e5e-4ca6-8560-5d55c75da2f8\" href=\"https:\/\/co2inno.com\/wp-content\/uploads\/2025\/12\/Endbericht-WIP_formatiert_-DE_final.pdf\">Fin de l&rsquo;article_DE_final<\/a><a href=\"https:\/\/co2inno.com\/wp-content\/uploads\/2025\/12\/Endbericht-WIP_formatiert_-DE_final.pdf\" class=\"wp-block-file__button wp-element-button\" download=\"\" aria-describedby=\"wp-block-file--media-1d9e3236-8e5e-4ca6-8560-5d55c75da2f8\">T\u00e9l\u00e9charger<\/a><\/div>\n\n\n\n<p>Le rapport est disponible en allemand et en fran\u00e7ais. Pour faciliter l&rsquo;acc\u00e8s, les deux versions sont disponibles sur cette page. <\/p>\n\n\n\n<div data-wp-interactive=\"core\/file\" class=\"wp-block-file\"><object data-wp-bind--hidden=\"!state.hasPdfPreview\" hidden class=\"wp-block-file__embed\" data=\"https:\/\/co2inno.com\/wp-content\/uploads\/2025\/12\/Endbericht_FR-final.pdf\" type=\"application\/pdf\" style=\"width:100%;height:600px\" aria-label=\"Contenu embarqu\u00e9 Endbericht_FR final.\"><\/object><a id=\"wp-block-file--media-238ea885-33a2-4578-9694-c9c62a61e58f\" href=\"https:\/\/co2inno.com\/wp-content\/uploads\/2025\/12\/Endbericht_FR-final.pdf\">Endbericht_FR final<\/a><a href=\"https:\/\/co2inno.com\/wp-content\/uploads\/2025\/12\/Endbericht_FR-final.pdf\" class=\"wp-block-file__button wp-element-button\" download=\"\" aria-describedby=\"wp-block-file--media-238ea885-33a2-4578-9694-c9c62a61e58f\">T\u00e9l\u00e9charger<\/a><\/div>\n","protected":false},"excerpt":{"rendered":"<p>\u00c0 la fin du projet de recherche, les r\u00e9sultats de tous les lots de travail ont \u00e9t\u00e9 rassembl\u00e9s et synth\u00e9tis\u00e9s dans un rapport final. Une feuille de route condens\u00e9e montre la voie \u00e0 suivre, avec des explications approfondies sur les objectifs, les m\u00e9thodes et les r\u00e9sultats de la recherche pour chaque partie du projet. Trois&#8230;<\/p>\n","protected":false},"author":2,"featured_media":0,"parent":0,"menu_order":0,"comment_status":"closed","ping_status":"closed","template":"","meta":{"_kadence_starter_templates_imported_post":false,"_kad_post_transparent":"","_kad_post_title":"","_kad_post_layout":"","_kad_post_sidebar_id":"","_kad_post_content_style":"","_kad_post_vertical_padding":"","_kad_post_feature":"","_kad_post_feature_position":"","_kad_post_header":false,"_kad_post_footer":false,"footnotes":""},"class_list":["post-1128","page","type-page","status-publish","hentry"],"_links":{"self":[{"href":"https:\/\/co2inno.com\/fr\/wp-json\/wp\/v2\/pages\/1128","targetHints":{"allow":["GET"]}}],"collection":[{"href":"https:\/\/co2inno.com\/fr\/wp-json\/wp\/v2\/pages"}],"about":[{"href":"https:\/\/co2inno.com\/fr\/wp-json\/wp\/v2\/types\/page"}],"author":[{"embeddable":true,"href":"https:\/\/co2inno.com\/fr\/wp-json\/wp\/v2\/users\/2"}],"replies":[{"embeddable":true,"href":"https:\/\/co2inno.com\/fr\/wp-json\/wp\/v2\/comments?post=1128"}],"version-history":[{"count":0,"href":"https:\/\/co2inno.com\/fr\/wp-json\/wp\/v2\/pages\/1128\/revisions"}],"wp:attachment":[{"href":"https:\/\/co2inno.com\/fr\/wp-json\/wp\/v2\/media?parent=1128"}],"curies":[{"name":"wp","href":"https:\/\/api.w.org\/{rel}","templated":true}]}}