{"id":931,"date":"2023-11-22T10:08:55","date_gmt":"2023-11-22T10:08:55","guid":{"rendered":"https:\/\/co2inno.com\/erstes-co2inno-kolloquium-an-der-universitat-freiburg-am-05-12-2023\/"},"modified":"2024-10-25T09:41:16","modified_gmt":"2024-10-25T09:41:16","slug":"erstes-co2inno-kolloquium-an-der-universitat-freiburg-am-05-12-2023","status":"publish","type":"page","link":"https:\/\/co2inno.com\/de\/erstes-co2inno-kolloquium-an-der-universitat-freiburg-am-05-12-2023\/","title":{"rendered":"Erstes CO2InnO-Kolloquium an der Universit\u00e4t Freiburg am 05.12.2023"},"content":{"rendered":"\n<p>Das erste Kolloquium des Interreg-Projekts CO2InnO wird die ersten Forschungsergebnisse vorstellen. Im Rahmen des Projekts werden nachhaltige L\u00f6sungen in den Bereichen Energie, Mobilit\u00e4t und Industrie entwickelt, um die Metropolregion Oberrhein emissionsfrei zu machen. <\/p>\n\n\n<div class=\"wp-block-image\">\n<figure class=\"alignleft size-full is-resized\"><img loading=\"lazy\" decoding=\"async\" width=\"7016\" height=\"9933\" src=\"https:\/\/co2inno.com\/wp-content\/uploads\/2023\/11\/Poster-A1_CO2Inno-final.jpg\" alt=\"\" class=\"wp-image-320\" style=\"width:420px;height:auto\"><\/figure>\n<\/div>\n\n\n<p>Ein derzeit in der Entwicklung befindliches Simulationswerkzeug wird insbesondere Fragen zur Nutzbarkeit von dekarbonisierten Energiesystemen auf der Grundlage einer KWK und m\u00f6glichen Kombinationen mit anderen erneuerbaren Energiequellen beantworten.<\/p>\n\n\n\n<p>Dar\u00fcber hinaus werden Themen wie Akzeptanz, Regulierung, Cybersicherheit und die Wiederverwendung lokaler Materialien in begleitenden Studien analysiert.<\/p>\n\n\n\n<p>Das erste Kolloquium dieses Interreg-Projekts findet am 5. Dezember 2023 in der Aula der Universit\u00e4t Freiburg statt (13-17 Uhr) und ist in drei Programmbl\u00f6cke unterteilt:<\/p>\n\n\n\n<ol class=\"wp-block-list\">\n<li>Pr\u00e4sentation des Interreg-Projekts und der H2 KWK-Pilotanlage<\/li>\n\n\n\n<li>Einsatz eines H2-BHKWs am Beispiel der Stadt Offenburg und des Universit\u00e4tsklinikums Freiburg<\/li>\n\n\n\n<li>Stand der technologischen Reife und beispielhafte Industrieprojekte<\/li>\n<\/ol>\n\n\n\n<p>Simultan\u00fcbersetzung Deutsch-Franz\u00f6sisch wird zur Verf\u00fcgung gestellt<\/p>\n\n\n\n<p>Die <a href=\"https:\/\/trion-climate.net\/fileadmin\/Aktivitaeten\/Veranstaltungen_2023\/CO2Inno\/Programm_1.Kolloquium_CO2InnO_05.12.23_Freiburg.pdf\" data-type=\"link\" data-id=\"https:\/\/trion-climate.net\/fileadmin\/Aktivitaeten\/Veranstaltungen_2023\/CO2Inno\/Programm_1.Kolloquium_CO2InnO_05.12.23_Freiburg.pdf\">Tagesordnung<\/a> und das <a href=\"https:\/\/trion-climate.net\/news-details\/kolloquium-co2inno-reallabor-fuer-eine-co2-neutrale-innovationsregion-oberrhein#c2340\">Anmeldeformular<\/a> finden Sie unter den entsprechenden Links.<\/p>\n\n\n\n<p>Wir freuen uns auf Ihre Teilnahme!<\/p>\n","protected":false},"excerpt":{"rendered":"<p>Das erste Kolloquium des Interreg-Projekts CO2InnO wird die ersten Forschungsergebnisse vorstellen. Im Rahmen des Projekts werden nachhaltige L\u00f6sungen in den Bereichen Energie, Mobilit\u00e4t und Industrie entwickelt, um die Metropolregion Oberrhein emissionsfrei zu machen. Ein derzeit in der Entwicklung befindliches Simulationswerkzeug wird insbesondere Fragen zur Nutzbarkeit von dekarbonisierten Energiesystemen auf der Grundlage einer KWK und m\u00f6glichen&#8230;<\/p>\n","protected":false},"author":2,"featured_media":0,"parent":0,"menu_order":0,"comment_status":"closed","ping_status":"closed","template":"","meta":{"_kadence_starter_templates_imported_post":false,"_kad_post_transparent":"","_kad_post_title":"","_kad_post_layout":"","_kad_post_sidebar_id":"","_kad_post_content_style":"","_kad_post_vertical_padding":"","_kad_post_feature":"","_kad_post_feature_position":"","_kad_post_header":false,"_kad_post_footer":false,"footnotes":""},"class_list":["post-931","page","type-page","status-publish","hentry"],"_links":{"self":[{"href":"https:\/\/co2inno.com\/de\/wp-json\/wp\/v2\/pages\/931","targetHints":{"allow":["GET"]}}],"collection":[{"href":"https:\/\/co2inno.com\/de\/wp-json\/wp\/v2\/pages"}],"about":[{"href":"https:\/\/co2inno.com\/de\/wp-json\/wp\/v2\/types\/page"}],"author":[{"embeddable":true,"href":"https:\/\/co2inno.com\/de\/wp-json\/wp\/v2\/users\/2"}],"replies":[{"embeddable":true,"href":"https:\/\/co2inno.com\/de\/wp-json\/wp\/v2\/comments?post=931"}],"version-history":[{"count":1,"href":"https:\/\/co2inno.com\/de\/wp-json\/wp\/v2\/pages\/931\/revisions"}],"predecessor-version":[{"id":932,"href":"https:\/\/co2inno.com\/de\/wp-json\/wp\/v2\/pages\/931\/revisions\/932"}],"wp:attachment":[{"href":"https:\/\/co2inno.com\/de\/wp-json\/wp\/v2\/media?parent=931"}],"curies":[{"name":"wp","href":"https:\/\/api.w.org\/{rel}","templated":true}]}}