{"id":925,"date":"2023-10-12T09:12:49","date_gmt":"2023-10-12T09:12:49","guid":{"rendered":"https:\/\/co2inno.com\/ubersicht-der-ladestationen-am-oberrhein\/"},"modified":"2024-10-25T09:41:14","modified_gmt":"2024-10-25T09:41:14","slug":"ubersicht-der-ladestationen-am-oberrhein","status":"publish","type":"page","link":"https:\/\/co2inno.com\/de\/ubersicht-der-ladestationen-am-oberrhein\/","title":{"rendered":"\u00dcbersicht der Ladestationen am Oberrhein"},"content":{"rendered":"\n<p>Die Karte unten ist eine weitere Visualisierung des Datensatzes, der in <a href=\"https:\/\/co2inno.com\/map-of-charging-stations\/\" data-type=\"link\" data-id=\"https:\/\/co2inno.com\/map-of-charging-stations\/\">dieser Karte<\/a> verwendet wird und der Regierungsdaten zu Ladestationen aus allen drei L\u00e4ndern der URR enth\u00e4lt.<\/p>\n\n\n\n<iframe style=\"width: 100%; height: 800px;\" src=\"https:\/\/co2inno.com\/wp-content\/uploads\/2023\/10\/Heatmap_Akkumuliert.html\">\n<\/iframe>\n\n\n\n<p>Datenquellen: Bundesnetzagentur, data.gouv.fr, Bundesamt f\u00fcr Energie (BFE) Schweiz<\/p>\n","protected":false},"excerpt":{"rendered":"<p>Die Karte unten ist eine weitere Visualisierung des Datensatzes, der in dieser Karte verwendet wird und der Regierungsdaten zu Ladestationen aus allen drei L\u00e4ndern der URR enth\u00e4lt. Datenquellen: Bundesnetzagentur, data.gouv.fr, Bundesamt f\u00fcr Energie (BFE) Schweiz<\/p>\n","protected":false},"author":2,"featured_media":0,"parent":0,"menu_order":0,"comment_status":"closed","ping_status":"closed","template":"","meta":{"_kadence_starter_templates_imported_post":false,"_kad_post_transparent":"","_kad_post_title":"","_kad_post_layout":"","_kad_post_sidebar_id":"","_kad_post_content_style":"","_kad_post_vertical_padding":"","_kad_post_feature":"","_kad_post_feature_position":"","_kad_post_header":false,"_kad_post_footer":false,"footnotes":""},"class_list":["post-925","page","type-page","status-publish","hentry"],"_links":{"self":[{"href":"https:\/\/co2inno.com\/de\/wp-json\/wp\/v2\/pages\/925","targetHints":{"allow":["GET"]}}],"collection":[{"href":"https:\/\/co2inno.com\/de\/wp-json\/wp\/v2\/pages"}],"about":[{"href":"https:\/\/co2inno.com\/de\/wp-json\/wp\/v2\/types\/page"}],"author":[{"embeddable":true,"href":"https:\/\/co2inno.com\/de\/wp-json\/wp\/v2\/users\/2"}],"replies":[{"embeddable":true,"href":"https:\/\/co2inno.com\/de\/wp-json\/wp\/v2\/comments?post=925"}],"version-history":[{"count":1,"href":"https:\/\/co2inno.com\/de\/wp-json\/wp\/v2\/pages\/925\/revisions"}],"predecessor-version":[{"id":926,"href":"https:\/\/co2inno.com\/de\/wp-json\/wp\/v2\/pages\/925\/revisions\/926"}],"wp:attachment":[{"href":"https:\/\/co2inno.com\/de\/wp-json\/wp\/v2\/media?parent=925"}],"curies":[{"name":"wp","href":"https:\/\/api.w.org\/{rel}","templated":true}]}}