{"id":886,"date":"2023-04-04T08:22:55","date_gmt":"2023-04-04T08:22:55","guid":{"rendered":"https:\/\/co2inno.com\/ziele-der-forschung\/"},"modified":"2024-10-25T09:19:43","modified_gmt":"2024-10-25T09:19:43","slug":"ziele-der-forschung","status":"publish","type":"page","link":"https:\/\/co2inno.com\/de\/ziele-der-forschung\/","title":{"rendered":"Ziele der Forschung"},"content":{"rendered":"\n<p>Im Rahmen dieses Reallabors werden ausgew\u00e4hlte Schl\u00fcsseltechnologien als Teil m\u00f6glicher Transformationspfade zur Klimaneutralit\u00e4t im Energiesektor auf ihre technische und rechtliche Machbarkeit sowie auf ihre gesellschaftliche Akzeptanz hin getestet und verbessert.<\/p>\n\n\n\n<p>Dazu geh\u00f6ren vor allem:<\/p>\n\n\n\n<p>&#8211; dezentralisierte Energiesysteme auf der Basis von gr\u00fcnem Wasserstoff<\/p>\n\n\n\n<p>&#8211; multidisziplin\u00e4re Konzepte wie die Cybersicherheit in Energiesystemen<\/p>\n\n\n\n<p>&#8211; Technische, verwaltungstechnische und rechtliche Umsetzungsm\u00f6glichkeiten<\/p>\n\n\n\n<p>&#8211; Gesellschaftliche Akzeptanz<\/p>\n\n\n\n<p>&#8211; Auswirkungen des Abbaus von Kernkraftwerken auf die Transformation zu neuen Energiesystemen<\/p>\n","protected":false},"excerpt":{"rendered":"<p>Im Rahmen dieses Reallabors werden ausgew\u00e4hlte Schl\u00fcsseltechnologien als Teil m\u00f6glicher Transformationspfade zur Klimaneutralit\u00e4t im Energiesektor auf ihre technische und rechtliche Machbarkeit sowie auf ihre gesellschaftliche Akzeptanz hin getestet und verbessert. Dazu geh\u00f6ren vor allem: &#8211; dezentralisierte Energiesysteme auf der Basis von gr\u00fcnem Wasserstoff &#8211; multidisziplin\u00e4re Konzepte wie die Cybersicherheit in Energiesystemen &#8211; Technische, verwaltungstechnische und&#8230;<\/p>\n","protected":false},"author":2,"featured_media":0,"parent":0,"menu_order":0,"comment_status":"closed","ping_status":"closed","template":"","meta":{"_kadence_starter_templates_imported_post":false,"_kad_post_transparent":"","_kad_post_title":"","_kad_post_layout":"","_kad_post_sidebar_id":"","_kad_post_content_style":"","_kad_post_vertical_padding":"","_kad_post_feature":"","_kad_post_feature_position":"","_kad_post_header":false,"_kad_post_footer":false,"footnotes":""},"class_list":["post-886","page","type-page","status-publish","hentry"],"_links":{"self":[{"href":"https:\/\/co2inno.com\/de\/wp-json\/wp\/v2\/pages\/886","targetHints":{"allow":["GET"]}}],"collection":[{"href":"https:\/\/co2inno.com\/de\/wp-json\/wp\/v2\/pages"}],"about":[{"href":"https:\/\/co2inno.com\/de\/wp-json\/wp\/v2\/types\/page"}],"author":[{"embeddable":true,"href":"https:\/\/co2inno.com\/de\/wp-json\/wp\/v2\/users\/2"}],"replies":[{"embeddable":true,"href":"https:\/\/co2inno.com\/de\/wp-json\/wp\/v2\/comments?post=886"}],"version-history":[{"count":1,"href":"https:\/\/co2inno.com\/de\/wp-json\/wp\/v2\/pages\/886\/revisions"}],"predecessor-version":[{"id":887,"href":"https:\/\/co2inno.com\/de\/wp-json\/wp\/v2\/pages\/886\/revisions\/887"}],"wp:attachment":[{"href":"https:\/\/co2inno.com\/de\/wp-json\/wp\/v2\/media?parent=886"}],"curies":[{"name":"wp","href":"https:\/\/api.w.org\/{rel}","templated":true}]}}