{"id":845,"date":"2023-04-04T08:00:48","date_gmt":"2023-04-04T08:00:48","guid":{"rendered":"https:\/\/co2inno.com\/?page_id=845"},"modified":"2024-10-25T09:19:44","modified_gmt":"2024-10-25T09:19:44","slug":"das-projekt","status":"publish","type":"page","link":"https:\/\/co2inno.com\/de\/das-projekt\/","title":{"rendered":"Das Projekt"},"content":{"rendered":"\n<p><strong>CO2InnO: Reallabor CO2-neutrale Pilot-Innovationsregion Oberrhein: Entwicklung von Energie- und Mobilit\u00e4tsl\u00f6sungen<\/strong><\/p>\n\n\n\n<p>&#8211;&nbsp; Projektleiter: Prof. Koch, B.<\/p>\n\n\n\n<p>&#8211; Laufzeit: 01.10.2022 bis 30.09.2025<\/p>\n\n\n\n<p>Die Region Oberrhein soll als Pilotregion einer treibhausgasemissionsfreien, innovativen Wirtschaftsregion auf der Grundlage eines nachhaltigen Energie- und Verkehrskonzepts weiterentwickelt werden und gleichzeitig die wirtschaftliche Wertsch\u00f6pfung und die Schaffung von Arbeitspl\u00e4tzen f\u00f6rdern. Dies bietet die M\u00f6glichkeit, Transformationskonzepte binational zu gestalten, ihre langfristige Machbarkeit zu demonstrieren und einen sp\u00fcrbaren Beitrag zur regionalen Energiewende zu leisten. <\/p>\n\n\n\n<p>Das Projekt CO2InnO zielt darauf ab, den Transformationsprozess hin zu einem klimaneutralen Oberrhein voranzutreiben, indem ein lebendes Labor geschaffen wird, das konkrete Energiel\u00f6sungen demonstriert, insbesondere wasserstoffbasierte Kraft-W\u00e4rme-Kopplungsanlagen f\u00fcr die Strom- und W\u00e4rmeerzeugung sowie die Elektromobilit\u00e4t.<\/p>\n\n\n\n<p>Die Ausgangssituation wird am Beispiel von zwei Modellgemeinden auf franz\u00f6sischer und deutscher Seite erfasst. Anschlie\u00dfend wird ein wasserstoffbasiertes Blockheizkraftwerk als Demonstrator entwickelt. Schlie\u00dflich werden die Ergebnisse gesammelt und Handlungsempfehlungen abgeleitet. Diese werden ver\u00f6ffentlicht und mit B\u00fcrgern und verantwortlichen Akteuren diskutiert, um die Umsetzung einer klimaneutralen und dezentralen Energieversorgung voranzutreiben. Dar\u00fcber hinaus wird ein Simulationsprogramm (&nbsp; ) es den Beteiligten (Gemeinden, \u00f6ffentliche Einrichtungen, Industriestandorte) erm\u00f6glichen, die Vorteile des Systems f\u00fcr ihre lokale Situation zu bewerten.    <\/p>\n","protected":false},"excerpt":{"rendered":"<p>CO2InnO: Reallabor CO2-neutrale Pilot-Innovationsregion Oberrhein: Entwicklung von Energie- und Mobilit\u00e4tsl\u00f6sungen &#8211;&nbsp; Projektleiter: Prof. Koch, B. &#8211; Laufzeit: 01.10.2022 bis 30.09.2025 Die Region Oberrhein soll als Pilotregion einer treibhausgasemissionsfreien, innovativen Wirtschaftsregion auf der Grundlage eines nachhaltigen Energie- und Verkehrskonzepts weiterentwickelt werden und gleichzeitig die wirtschaftliche Wertsch\u00f6pfung und die Schaffung von Arbeitspl\u00e4tzen f\u00f6rdern. Dies bietet die M\u00f6glichkeit,&#8230;<\/p>\n","protected":false},"author":2,"featured_media":0,"parent":0,"menu_order":0,"comment_status":"closed","ping_status":"closed","template":"","meta":{"_kadence_starter_templates_imported_post":false,"_kad_post_transparent":"","_kad_post_title":"","_kad_post_layout":"","_kad_post_sidebar_id":"","_kad_post_content_style":"","_kad_post_vertical_padding":"","_kad_post_feature":"","_kad_post_feature_position":"","_kad_post_header":false,"_kad_post_footer":false,"footnotes":""},"class_list":["post-845","page","type-page","status-publish","hentry"],"_links":{"self":[{"href":"https:\/\/co2inno.com\/de\/wp-json\/wp\/v2\/pages\/845","targetHints":{"allow":["GET"]}}],"collection":[{"href":"https:\/\/co2inno.com\/de\/wp-json\/wp\/v2\/pages"}],"about":[{"href":"https:\/\/co2inno.com\/de\/wp-json\/wp\/v2\/types\/page"}],"author":[{"embeddable":true,"href":"https:\/\/co2inno.com\/de\/wp-json\/wp\/v2\/users\/2"}],"replies":[{"embeddable":true,"href":"https:\/\/co2inno.com\/de\/wp-json\/wp\/v2\/comments?post=845"}],"version-history":[{"count":2,"href":"https:\/\/co2inno.com\/de\/wp-json\/wp\/v2\/pages\/845\/revisions"}],"predecessor-version":[{"id":890,"href":"https:\/\/co2inno.com\/de\/wp-json\/wp\/v2\/pages\/845\/revisions\/890"}],"wp:attachment":[{"href":"https:\/\/co2inno.com\/de\/wp-json\/wp\/v2\/media?parent=845"}],"curies":[{"name":"wp","href":"https:\/\/api.w.org\/{rel}","templated":true}]}}