{"id":821,"date":"2023-04-04T08:20:02","date_gmt":"2023-04-04T08:20:02","guid":{"rendered":"https:\/\/co2inno.com\/?page_id=821"},"modified":"2024-10-25T09:27:15","modified_gmt":"2024-10-25T09:27:15","slug":"arbeitspakete","status":"publish","type":"page","link":"https:\/\/co2inno.com\/de\/arbeitspakete\/","title":{"rendered":"Arbeitspakete"},"content":{"rendered":"\n<p>Das Projekt ist in sieben Arbeitspakete (WPs) unterteilt, die darauf abzielen, die Auswirkungen und Anwendungsf\u00e4lle innovativer Technologien in der Oberrheinregion zu analysieren.<\/p>\n\n\n\n<figure class=\"wp-block-image size-large is-resized\"><img loading=\"lazy\" decoding=\"async\" src=\"https:\/\/co2inno.com\/wp-content\/uploads\/2023\/08\/grafik-transformed-1024x522.png\" alt=\"\" class=\"wp-image-249\" style=\"width:1002px;height:511px\" width=\"1002\" height=\"511\" srcset=\"https:\/\/co2inno.com\/wp-content\/uploads\/2023\/08\/grafik-transformed-1024x522.png 1024w, https:\/\/co2inno.com\/wp-content\/uploads\/2023\/08\/grafik-transformed-300x153.png 300w, https:\/\/co2inno.com\/wp-content\/uploads\/2023\/08\/grafik-transformed-768x392.png 768w, https:\/\/co2inno.com\/wp-content\/uploads\/2023\/08\/grafik-transformed.png 1392w\" sizes=\"auto, (max-width: 1002px) 100vw, 1002px\" \/><\/figure>\n\n\n\n<p><strong>WP1<\/strong> umfasst die Organisation und Koordinierung der Anstrengungen in den Projekten. Sicherung des Wissens und Gew\u00e4hrleistung der Kommunikation zwischen den Partnern und externen Interessengruppen. Die Einbeziehung potenzieller Nutzer in die Entwicklung von Technologien soll diese zug\u00e4nglicher machen und auf die Bed\u00fcrfnisse der Nutzer zuschneiden, so dass die \u00dcbernahme von Technologien beschleunigt werden kann. Gemeinsame Aufgaben werden zentral koordiniert und \u00dcberschneidungen zwischen den Arbeitsgruppen bedeuten, dass der Austausch zwischen ihnen der Schl\u00fcssel zum Erfolg ist.   <\/p>\n\n\n\n<p><strong>WP2 <\/strong>ist das zentrale Forschungspaket, in dem ein innovatives Kraft-W\u00e4rme-Kopplungs-Kraftwerk (KWK) entwickelt und in einer Laborumgebung getestet wird, das mit Wasserstoff und &#8211; f\u00fcr eine \u00dcbergangszeit &#8211; mit einem Gas-Wasserstoff-Gemisch betrieben wird. Unter der Leitung der HKA zielt dieses Arbeitspaket darauf ab, ein digitales Modell zu verwenden, um die Durchf\u00fchrbarkeit des Einsatzes eines solchen KWK-Kraftwerks in gr\u00f6\u00dferem Ma\u00dfstab in der Oberrheinregion f\u00fcr potenzielle Nutzer leicht zu erreichen. <\/p>\n\n\n\n<p><strong>WP3 <\/strong>konzentriert sich auf nachhaltige Mobilit\u00e4t und wird an der Universit\u00e4t Freiburg erforscht. Die Forschung konzentriert sich auf die Nutzung von Elektromobilit\u00e4t als Erweiterung der KWK-Anlage. Ziel ist es, die aktuelle Infrastruktur zu visualisieren und zu analysieren, so dass zuk\u00fcnftige Empfehlungen f\u00fcr den Ausbau der emissionsfreien Mobilit\u00e4t gegeben werden k\u00f6nnen.  <\/p>\n\n\n\n<p><strong>WP4 <\/strong>wird von HS-Kehl geleitet und umfasst sowohl eine rechtliche als auch eine administrative Analyse der neuen Technologien, die erforscht und entwickelt werden. Angesichts der unterschiedlichen rechtlichen Rahmenbedingungen in den drei L\u00e4ndern der Region ist eine umfassende Analyse und ein Vergleich der rechtlichen Standards auf dem Weg dorthin von entscheidender Bedeutung. Zwei Projektpartner, die an dem Projekt beteiligt sind, befinden sich in Deutschland (Stadt Offenburg) und Frankreich (CeA). Daher liegt der Schwerpunkt auf einem deutsch-franz\u00f6sischen Vergleich der notwendigen Schritte zur Integration von KWK, Wasserstoff und EV-Mobilit\u00e4t in beiden L\u00e4ndern.  <\/p>\n\n\n\n<p><strong>WP5<\/strong>, geleitet vom KIT-DFIU, konzentriert sich auf die Akzeptanzforschung in Bezug auf die neuen Technologien. Ihr Beitrag besteht darin, die Bed\u00fcrfnisse und Erwartungen der Beteiligten zu ermitteln. Damit die Technologien bei den Nutzern ankommen und effektiv eingesetzt werden k\u00f6nnen, ist ihre Akzeptanz sowohl in der \u00d6ffentlichkeit als auch in den Verwaltungen eine Voraussetzung f\u00fcr den Erfolg technologischer Innovationen.  <\/p>\n\n\n\n<p><strong>WP6 <\/strong>wird an der UHA erforscht und bezieht sich auf die Cybersicherheit von Energiesystemen. Die Sicherheit des Netzes ist ein wichtiger Faktor f\u00fcr Energiesysteme \u00fcberall und daher beinhaltet das Projekt auch eine Sicherheitsperspektive zum Schutz und zur Arbeit an Energienetzen. Dezentrale Energiesysteme und die Energieversorgung spielen eine immer wichtigere Rolle bei der Verbindung zwischen Nutzern und Anbietern.  <\/p>\n\n\n\n<p><strong>WP7 <\/strong>befasst sich mit der Aussicht auf den R\u00fcckbau und die Wiederverwendung von Materialien aus einem stillgelegten Kernkraftwerk. Insbesondere das Kernkraftwerk Fessenheim, das 2020 abgeschaltet wird, beherbergt viele n\u00fctzliche Materialien, die zur\u00fcckgewonnen werden k\u00f6nnen. Das Arbeitspapier analysiert den Zustand, in dem sich diese Materialien f\u00fcr die Wiederverwendung befinden m\u00fcssen, und wie sich ihre Verwendung auf die Auswirkungen des Lebenszyklus auswirken k\u00f6nnte. Es dient dazu, eine Perspektive zu geben, wie sich der Lebenszyklus verschiedener Szenarien entwickeln k\u00f6nnte und ob Materialien, die fr\u00fcher f\u00fcr die Kernenergie verwendet wurden, beim Ausbau eines kohlenstoffneutralen Energiesystems n\u00fctzlich sein k\u00f6nnten.   <\/p>\n","protected":false},"excerpt":{"rendered":"<p>Das Projekt ist in sieben Arbeitspakete (WPs) unterteilt, die darauf abzielen, die Auswirkungen und Anwendungsf\u00e4lle innovativer Technologien in der Oberrheinregion zu analysieren. WP1 umfasst die Organisation und Koordinierung der Anstrengungen in den Projekten. Sicherung des Wissens und Gew\u00e4hrleistung der Kommunikation zwischen den Partnern und externen Interessengruppen. Die Einbeziehung potenzieller Nutzer in die Entwicklung von Technologien&#8230;<\/p>\n","protected":false},"author":2,"featured_media":0,"parent":0,"menu_order":0,"comment_status":"closed","ping_status":"closed","template":"","meta":{"_kadence_starter_templates_imported_post":false,"_kad_post_transparent":"","_kad_post_title":"","_kad_post_layout":"","_kad_post_sidebar_id":"","_kad_post_content_style":"","_kad_post_vertical_padding":"","_kad_post_feature":"","_kad_post_feature_position":"","_kad_post_header":false,"_kad_post_footer":false,"footnotes":""},"class_list":["post-821","page","type-page","status-publish","hentry"],"_links":{"self":[{"href":"https:\/\/co2inno.com\/de\/wp-json\/wp\/v2\/pages\/821","targetHints":{"allow":["GET"]}}],"collection":[{"href":"https:\/\/co2inno.com\/de\/wp-json\/wp\/v2\/pages"}],"about":[{"href":"https:\/\/co2inno.com\/de\/wp-json\/wp\/v2\/types\/page"}],"author":[{"embeddable":true,"href":"https:\/\/co2inno.com\/de\/wp-json\/wp\/v2\/users\/2"}],"replies":[{"embeddable":true,"href":"https:\/\/co2inno.com\/de\/wp-json\/wp\/v2\/comments?post=821"}],"version-history":[{"count":2,"href":"https:\/\/co2inno.com\/de\/wp-json\/wp\/v2\/pages\/821\/revisions"}],"predecessor-version":[{"id":895,"href":"https:\/\/co2inno.com\/de\/wp-json\/wp\/v2\/pages\/821\/revisions\/895"}],"wp:attachment":[{"href":"https:\/\/co2inno.com\/de\/wp-json\/wp\/v2\/media?parent=821"}],"curies":[{"name":"wp","href":"https:\/\/api.w.org\/{rel}","templated":true}]}}