{"id":792,"date":"2023-08-23T12:04:44","date_gmt":"2023-08-23T12:04:44","guid":{"rendered":"https:\/\/co2inno.com\/?page_id=792"},"modified":"2024-10-25T09:41:13","modified_gmt":"2024-10-25T09:41:13","slug":"charging-stations-in-the-upper-rhine","status":"publish","type":"page","link":"https:\/\/co2inno.com\/de\/charging-stations-in-the-upper-rhine\/","title":{"rendered":"Ladestationen am Oberrhein"},"content":{"rendered":"\n<p>Im Rahmen der Forschung zur E-Mobilit\u00e4t in der Oberrheinregion wurden Regierungsdaten aus den drei Bundesl\u00e4ndern der Region verarbeitet und analysiert.<\/p>\n\n\n\n<p>Das Ergebnis ist ein koh\u00e4renter Datensatz von Ladestationen in der Oberrheinregion, der auf staatlichen Daten basiert. Dieser wird genutzt, um detaillierte Analysen der Ladeinfrastruktur durchzuf\u00fchren und Empfehlungen abzuleiten. <\/p>\n\n\n\n<p>Die Ladestationen in der Region sind unten interaktiv zug\u00e4nglich und veranschaulichen die Verteilung und den Umfang der Infrastruktur im Projektgebiet.<\/p>\n\n\n\n<h2 class=\"wp-block-heading\">Ladestation am Oberrhein 2024<\/h2>\n\n\n\n<iframe style=\"width: 100%; height: 800px;\" src=\"https:\/\/co2inno.com\/wp-content\/uploads\/2024\/03\/leaflet_map_2024_eng.html\">\n<\/iframe>\n\n\n\n<h2 class=\"wp-block-heading\">Ladestation am Oberrhein 2023<\/h2>\n\n\n\n<iframe style=\"width: 100%; height: 800px;\" src=\"https:\/\/co2inno.com\/wp-content\/uploads\/2023\/09\/leaflet_map_eng.html\">\n<\/iframe>\n\n\n\n<p>Die Karte zeigt die Ladepunkte am Oberrhein und ihre jeweilige Leistung. W\u00e4hlen Sie Ladestationen aus und heben Sie die Auswahl auf, um normale, schnelle und leistungsstarke Stationen anzuzeigen.   <\/p>\n\n\n\n<p>Eine weitere interaktive Karte zu den Ladestationen finden Sie <a href=\"https:\/\/co2inno.com\/overview-of-charging-stations-in-the-upper-rhine\/\" data-type=\"link\" data-id=\"https:\/\/co2inno.com\/overview-of-charging-stations-in-the-upper-rhine\/\">hier<\/a>.<\/p>\n\n\n\n<p>Datenquellen: Bundesnetzagentur, data.gouv.fr, Bundesamt f\u00fcr Energie (BFE) Schweiz<\/p>\n\n\n\n<p><\/p>\n","protected":false},"excerpt":{"rendered":"<p>Im Rahmen der Forschung zur E-Mobilit\u00e4t in der Oberrheinregion wurden Regierungsdaten aus den drei Bundesl\u00e4ndern der Region verarbeitet und analysiert. Das Ergebnis ist ein koh\u00e4renter Datensatz von Ladestationen in der Oberrheinregion, der auf staatlichen Daten basiert. Dieser wird genutzt, um detaillierte Analysen der Ladeinfrastruktur durchzuf\u00fchren und Empfehlungen abzuleiten. Die Ladestationen in der Region sind unten&#8230;<\/p>\n","protected":false},"author":2,"featured_media":0,"parent":0,"menu_order":0,"comment_status":"closed","ping_status":"closed","template":"","meta":{"_kadence_starter_templates_imported_post":false,"_kad_post_transparent":"","_kad_post_title":"","_kad_post_layout":"","_kad_post_sidebar_id":"","_kad_post_content_style":"","_kad_post_vertical_padding":"","_kad_post_feature":"","_kad_post_feature_position":"","_kad_post_header":false,"_kad_post_footer":false,"footnotes":""},"class_list":["post-792","page","type-page","status-publish","hentry"],"_links":{"self":[{"href":"https:\/\/co2inno.com\/de\/wp-json\/wp\/v2\/pages\/792","targetHints":{"allow":["GET"]}}],"collection":[{"href":"https:\/\/co2inno.com\/de\/wp-json\/wp\/v2\/pages"}],"about":[{"href":"https:\/\/co2inno.com\/de\/wp-json\/wp\/v2\/types\/page"}],"author":[{"embeddable":true,"href":"https:\/\/co2inno.com\/de\/wp-json\/wp\/v2\/users\/2"}],"replies":[{"embeddable":true,"href":"https:\/\/co2inno.com\/de\/wp-json\/wp\/v2\/comments?post=792"}],"version-history":[{"count":2,"href":"https:\/\/co2inno.com\/de\/wp-json\/wp\/v2\/pages\/792\/revisions"}],"predecessor-version":[{"id":920,"href":"https:\/\/co2inno.com\/de\/wp-json\/wp\/v2\/pages\/792\/revisions\/920"}],"wp:attachment":[{"href":"https:\/\/co2inno.com\/de\/wp-json\/wp\/v2\/media?parent=792"}],"curies":[{"name":"wp","href":"https:\/\/api.w.org\/{rel}","templated":true}]}}