{"id":787,"date":"2023-03-30T11:39:18","date_gmt":"2023-03-30T11:39:18","guid":{"rendered":"https:\/\/co2inno.com\/?page_id=787"},"modified":"2024-10-25T09:27:16","modified_gmt":"2024-10-25T09:27:16","slug":"imprint","status":"publish","type":"page","link":"https:\/\/co2inno.com\/de\/imprint\/","title":{"rendered":"Impressum"},"content":{"rendered":"\n<p>Anbieter<\/p>\n\n\n\n<p>Anbieter von Dienstleistungen im Sinne von Art. 5 des Staatsvertrags \u00fcber Mediendienste und Art. 55 des deutschen Teledienstgesetzes<\/p>\n\n\n\n<p>Albert-Ludwigs-Universit\u00e4t Freiburg<\/p>\n\n\n\n<p>Friedrichstra\u00dfe 39<\/p>\n\n\n\n<p>79098 Freiburg<\/p>\n\n\n\n<p>Telefon: +49 0761 203 0<\/p>\n\n\n\n<p>Fax: +49 0761 203 4369<\/p>\n\n\n\n<p>info@uni-freiburg.de<\/p>\n\n\n\n<p><blockquote class=\"wp-embedded-content\" data-secret=\"8M8belfHAU\"><a href=\"https:\/\/uni-freiburg.de\/\">Universit\u00e4t Freiburg<\/a><\/blockquote><iframe loading=\"lazy\" class=\"wp-embedded-content\" sandbox=\"allow-scripts\" security=\"restricted\" style=\"position: absolute; visibility: hidden;\" title=\"&#8222;Universit\u00e4t Freiburg&#8220; &#8212; Universit\u00e4t Freiburg\" src=\"https:\/\/uni-freiburg.de\/embed\/#?secret=3GRM8ulLkc#?secret=8M8belfHAU\" data-secret=\"8M8belfHAU\" width=\"600\" height=\"338\" frameborder=\"0\" marginwidth=\"0\" marginheight=\"0\" scrolling=\"no\"><\/iframe><\/p>\n\n\n\n<p>Die Universit\u00e4t Freiburg ist eine K\u00f6rperschaft des \u00f6ffentlichen Rechts.<br>Sie wird gesetzlich vertreten durch die Rektorin, Prof. Dr. Kerstin Krieglstein.<\/p>\n\n\n\n<p>Weitere Zust\u00e4ndigkeiten sind in der Informationsangebotsordnung (IAO) der Universit\u00e4t geregelt.<\/p>\n\n\n\n<p>Lehrstuhl f\u00fcr Fernerkundung und Landschaftsinformationssysteme (FeLis)<\/p>\n\n\n\n<p>Prof. Dr. Barbara Koch<\/p>\n\n\n\n<p>Telefon: +49-(0)761-203-3694<\/p>\n\n\n\n<p>Fax. +49-(0)761-203-3701<br>E-Mail: ferninfo@felis.uni-freiburg.de<br>Web: https:\/\/www.felis.uni-freiburg.de <\/p>\n\n\n\n<p>Das Projekt wird von der Europ\u00e4ischen Union \u00fcber Interreg Oberrhein kofinanziert.<\/p>\n\n\n\n<p>Copyright<\/p>\n\n\n\n<p>F\u00fcr die Internetseiten der Albert-Ludwigs-Universit\u00e4t Freiburg liegen das Copyright und alle weiteren Rechte bei der Albert-Ludwigs-Universit\u00e4t Freiburg, Friedrichstra\u00dfe 39, 79098 Freiburg, Deutschland. Die Weiterverbreitung, auch in Teilen, zu p\u00e4dagogischen, wissenschaftlichen oder privaten Zwecken ist unter Angabe der Quelle gestattet (sofern auf der jeweiligen Seite nicht ausdr\u00fccklich anders angegeben). Die Nutzung zu kommerziellen Zwecken bedarf der Zustimmung der Albert-Ludwigs-Universit\u00e4t Freiburg.  <\/p>\n\n\n\n<p>Haftungsausschluss<\/p>\n\n\n\n<p>Diese Internet-Seiten dienen nur zur Information. Ihre Inhalte wurden mit der gebotenen Sorgfalt zusammengestellt. Die Albert-Ludwigs-Universit\u00e4t Freiburg \u00fcbernimmt jedoch keine Haftung, weder ausdr\u00fccklich noch stillschweigend, f\u00fcr die Art oder Richtigkeit des angebotenen Materials und haftet nicht (einschlie\u00dflich der Haftung f\u00fcr indirekte Sch\u00e4den oder entgangenen Gewinn) f\u00fcr das Material oder die Verwendung dieses Materials. Sollten Inhalte von Webseiten der Albert-Ludwigs-Universit\u00e4t Freiburg gegen geltendes Recht versto\u00dfen, bitten wir Sie, uns umgehend zu informieren. Wir werden die Seite oder die entsprechenden Inhalte dann so schnell wie m\u00f6glich entfernen.    <\/p>\n\n\n\n<p>Verweise auf externe Websites<\/p>\n\n\n\n<p>Die Webseiten der Albert-Ludwigs-Universit\u00e4t Freiburg enthalten Links zu Informationsangeboten von Servern, die nicht der Kontrolle und Verantwortung der Albert-Ludwigs-Universit\u00e4t Freiburg unterliegen. Die Universit\u00e4t \u00fcbernimmt keine Verantwortung oder Garantie f\u00fcr diese Informationen und billigt oder unterst\u00fctzt diese Informationen nicht inhaltlich. <\/p>\n\n\n\n<p>Hinweis zur Vertraulichkeit<\/p>\n\n\n\n<p>Zur Optimierung unserer Website erheben und speichern wir Daten, z.B. die Uhrzeit und das Datum des Seitenaufrufs, die Seite, von der aus Sie auf unsere Website zugreifen und \u00e4hnliche Daten, es sei denn, Sie widersprechen dieser Erhebung und Speicherung von Daten. Die Datenspeicherung erfolgt in anonymer Form, ohne den Nutzer der Seite pers\u00f6nlich zu identifizieren. Wir verwenden auch Cookies zur Datenerfassung und -speicherung. Auch diese sammeln Daten nur in anonymer Form. In Ihrem Browser k\u00f6nnen Sie alle oder einige der Cookies in den Einstellungen jederzeit deaktivieren. Wenn Cookies deaktiviert werden, k\u00f6nnen Sie m\u00f6glicherweise nicht mehr auf alle Funktionen dieser Website zugreifen.     <\/p>\n","protected":false},"excerpt":{"rendered":"<p>Anbieter Anbieter von Dienstleistungen im Sinne von Art. 5 des Staatsvertrags \u00fcber Mediendienste und Art. 55 des deutschen Teledienstgesetzes Albert-Ludwigs-Universit\u00e4t Freiburg Friedrichstra\u00dfe 39 79098 Freiburg Telefon: +49 0761 203 0 Fax: +49 0761 203 4369 info@uni-freiburg.de Universit\u00e4t Freiburg Die Universit\u00e4t Freiburg ist eine K\u00f6rperschaft des \u00f6ffentlichen Rechts.Sie wird gesetzlich vertreten durch die Rektorin, Prof. Dr&#8230;.<\/p>\n","protected":false},"author":2,"featured_media":0,"parent":0,"menu_order":0,"comment_status":"closed","ping_status":"closed","template":"","meta":{"_kadence_starter_templates_imported_post":false,"_kad_post_transparent":"","_kad_post_title":"","_kad_post_layout":"","_kad_post_sidebar_id":"","_kad_post_content_style":"","_kad_post_vertical_padding":"","_kad_post_feature":"","_kad_post_feature_position":"","_kad_post_header":false,"_kad_post_footer":false,"footnotes":""},"class_list":["post-787","page","type-page","status-publish","hentry"],"_links":{"self":[{"href":"https:\/\/co2inno.com\/de\/wp-json\/wp\/v2\/pages\/787","targetHints":{"allow":["GET"]}}],"collection":[{"href":"https:\/\/co2inno.com\/de\/wp-json\/wp\/v2\/pages"}],"about":[{"href":"https:\/\/co2inno.com\/de\/wp-json\/wp\/v2\/types\/page"}],"author":[{"embeddable":true,"href":"https:\/\/co2inno.com\/de\/wp-json\/wp\/v2\/users\/2"}],"replies":[{"embeddable":true,"href":"https:\/\/co2inno.com\/de\/wp-json\/wp\/v2\/comments?post=787"}],"version-history":[{"count":3,"href":"https:\/\/co2inno.com\/de\/wp-json\/wp\/v2\/pages\/787\/revisions"}],"predecessor-version":[{"id":902,"href":"https:\/\/co2inno.com\/de\/wp-json\/wp\/v2\/pages\/787\/revisions\/902"}],"wp:attachment":[{"href":"https:\/\/co2inno.com\/de\/wp-json\/wp\/v2\/media?parent=787"}],"curies":[{"name":"wp","href":"https:\/\/api.w.org\/{rel}","templated":true}]}}