{"id":781,"date":"2023-04-12T08:15:16","date_gmt":"2023-04-12T08:15:16","guid":{"rendered":"https:\/\/co2inno.com\/?page_id=781"},"modified":"2024-12-04T09:31:17","modified_gmt":"2024-12-04T09:31:17","slug":"co2inno-real-laboratory-co2-neutral-innovation-region-upper-rhine","status":"publish","type":"page","link":"https:\/\/co2inno.com\/de\/co2inno-real-laboratory-co2-neutral-innovation-region-upper-rhine\/","title":{"rendered":"CO2InnO \u2013 Reallabor Co2-neutrale Innovationsregion Oberrhein"},"content":{"rendered":"\n\n\n<p class=\"has-text-align-left has-large-font-size\">Ein Reallabor f\u00fcr eine Pilotregion<\/p>\n\n\n\n<div class=\"wp-block-columns is-layout-flex wp-container-core-columns-is-layout-9d6595d7 wp-block-columns-is-layout-flex\">\n<div class=\"wp-block-column is-layout-flow wp-block-column-is-layout-flow\" style=\"flex-basis:33.33%\">\n<figure class=\"wp-block-image size-large is-style-default\"><img loading=\"lazy\" decoding=\"async\" width=\"1024\" height=\"664\" src=\"https:\/\/co2inno.com\/wp-content\/uploads\/2024\/09\/AdobeStock_359471030-scaled1-1024x664.jpeg\" alt=\"\" class=\"wp-image-811\" style=\"aspect-ratio:1;object-fit:cover\" srcset=\"https:\/\/co2inno.com\/wp-content\/uploads\/2024\/09\/AdobeStock_359471030-scaled1-1024x664.jpeg 1024w, https:\/\/co2inno.com\/wp-content\/uploads\/2024\/09\/AdobeStock_359471030-scaled1-300x195.jpeg 300w, https:\/\/co2inno.com\/wp-content\/uploads\/2024\/09\/AdobeStock_359471030-scaled1-768x498.jpeg 768w, https:\/\/co2inno.com\/wp-content\/uploads\/2024\/09\/AdobeStock_359471030-scaled1-1536x996.jpeg 1536w, https:\/\/co2inno.com\/wp-content\/uploads\/2024\/09\/AdobeStock_359471030-scaled1-2048x1328.jpeg 2048w\" sizes=\"auto, (max-width: 1024px) 100vw, 1024px\" \/><\/figure>\n<\/div>\n\n\n\n<div class=\"wp-block-column is-layout-flow wp-block-column-is-layout-flow\" style=\"flex-basis:66.66%\">\n<p>Die Oberrheinregion soll zu einer Pilotregion werden, die kohlenstoff-neutral ist und nachhaltige Verkehrs- und Energieformen bevorzugt. Das Projekt CO2InnO strebt an, diesen Transformationsprozess durch die Einrichtung eines lebenden Labors zu begleiten. Dieser partizipative Ansatz wird die Relevanz von wasserstoffbasierten L\u00f6sungen f\u00fcr die Strom- und W\u00e4rmeerzeugung bewerten, die auf den tats\u00e4chlichen Bedarf der territorialen Partnergemeinden zugeschnitten sind.<\/p>\n\n\n\n<p>Themen von besonderem Interesse:<\/p>\n\n\n\n<ul class=\"wp-block-list\">\r\n \t<li style=\"list-style-type: none;\">\r\n<ul class=\"wp-block-list\">\n\n<li>Dezentrale Energiesysteme unter Einbeziehung von gr\u00fcnem Wasserstoff<\/li>\r\n<\/ul>\r\n<\/li>\r\n<\/ul>\n\n\r\n\r\n\n<ul class=\"wp-block-list\">\r\n \t<li style=\"list-style-type: none;\">\r\n<ul class=\"wp-block-list\">\r\n \t<li>Cybersicherheit in Energiesystemen<\/li>\r\n<\/ul>\r\n<\/li>\r\n<\/ul>\n\n\r\n\r\n\n<ul class=\"wp-block-list\">\r\n \t<li style=\"list-style-type: none;\">\r\n<ul class=\"wp-block-list\">\r\n \t<li>Elektromobilit\u00e4t und Ladeinfrastruktur<\/li>\r\n<\/ul>\r\n<\/li>\r\n<\/ul>\n\n\r\n\r\n\n<ul class=\"wp-block-list\">\r\n \t<li style=\"list-style-type: none;\">\r\n<ul class=\"wp-block-list\">\r\n \t<li>Technische, administrative und rechtliche Rahmenbedingungen<\/li>\r\n<\/ul>\r\n<\/li>\r\n<\/ul>\n\n\r\n\r\n\n<ul class=\"wp-block-list\">\r\n \t<li style=\"list-style-type: none;\">\r\n<ul class=\"wp-block-list\">\r\n \t<li>Soziale Akzeptanz<\/li>\r\n<\/ul>\r\n<\/li>\r\n<\/ul>\n\n\r\n\r\n\n<ul class=\"wp-block-list\">\r\n \t<li style=\"list-style-type: none;\">\r\n<ul class=\"wp-block-list\">\r\n \t<li>Auswirkungen der Stilllegung von Kernkraftwerken auf die Transformation hin zu neuen Energiesystemen<\/li>\r\n<\/ul>\r\n<\/li>\r\n<\/ul>\n\n\r\n\r\n\n<ul class=\"wp-block-list\">\r\n \t<li style=\"list-style-type: none;\">\r\n<ul class=\"wp-block-list\">\r\n \t<li>Ein Fallbeispiel anhand der Stadt Offenburg<\/li>\r\n<\/ul>\r\n<\/li>\r\n<\/ul>\n\n<\/div>\n<\/div>\n\n\n\n<p>Professur f\u00fcr Fernerkundung und Landschaftsinformationssysteme (FeLis) Albert-Ludwigs-Universit\u00e4t Freiburg Projektleitung Prof. Dr. Barbara Koch Telefon: +49-(0)761-203-3699 E-Mail: info(at)co2inno.com Web: https:\/\/co2inno.com\/<\/p>\n\n\n\n<p><em>Foto: Leonid Andronov\/stock.adobe.com<\/em><\/p>\n\n\n\n\n","protected":false},"excerpt":{"rendered":"<p>Ein Reallabor f\u00fcr eine Pilotregion Die Oberrheinregion soll zu einer Pilotregion werden, die kohlenstoff-neutral ist und nachhaltige Verkehrs- und Energieformen bevorzugt. Das Projekt CO2InnO strebt an, diesen Transformationsprozess durch die Einrichtung eines lebenden Labors zu begleiten. Dieser partizipative Ansatz wird die Relevanz von wasserstoffbasierten L\u00f6sungen f\u00fcr die Strom- und W\u00e4rmeerzeugung bewerten, die auf den tats\u00e4chlichen&#8230;<\/p>\n","protected":false},"author":2,"featured_media":0,"parent":0,"menu_order":0,"comment_status":"closed","ping_status":"closed","template":"","meta":{"_kadence_starter_templates_imported_post":false,"_kad_post_transparent":"","_kad_post_title":"","_kad_post_layout":"","_kad_post_sidebar_id":"","_kad_post_content_style":"","_kad_post_vertical_padding":"","_kad_post_feature":"","_kad_post_feature_position":"","_kad_post_header":false,"_kad_post_footer":false,"footnotes":""},"class_list":["post-781","page","type-page","status-publish","hentry"],"_links":{"self":[{"href":"https:\/\/co2inno.com\/de\/wp-json\/wp\/v2\/pages\/781","targetHints":{"allow":["GET"]}}],"collection":[{"href":"https:\/\/co2inno.com\/de\/wp-json\/wp\/v2\/pages"}],"about":[{"href":"https:\/\/co2inno.com\/de\/wp-json\/wp\/v2\/types\/page"}],"author":[{"embeddable":true,"href":"https:\/\/co2inno.com\/de\/wp-json\/wp\/v2\/users\/2"}],"replies":[{"embeddable":true,"href":"https:\/\/co2inno.com\/de\/wp-json\/wp\/v2\/comments?post=781"}],"version-history":[{"count":4,"href":"https:\/\/co2inno.com\/de\/wp-json\/wp\/v2\/pages\/781\/revisions"}],"predecessor-version":[{"id":1049,"href":"https:\/\/co2inno.com\/de\/wp-json\/wp\/v2\/pages\/781\/revisions\/1049"}],"wp:attachment":[{"href":"https:\/\/co2inno.com\/de\/wp-json\/wp\/v2\/media?parent=781"}],"curies":[{"name":"wp","href":"https:\/\/api.w.org\/{rel}","templated":true}]}}