{"id":1129,"date":"2025-12-04T14:07:46","date_gmt":"2025-12-04T14:07:46","guid":{"rendered":"https:\/\/co2inno.com\/projekt-ergebnisse-2\/"},"modified":"2025-12-04T14:07:46","modified_gmt":"2025-12-04T14:07:46","slug":"projekt-ergebnisse-2","status":"publish","type":"page","link":"https:\/\/co2inno.com\/de\/projekt-ergebnisse-2\/","title":{"rendered":"Projekt-Ergebnisse"},"content":{"rendered":"\n<p>Nachstehend finden Sie alle Projektergebnisse, sortiert nach Arbeitspaketen. Wenn Sie den Bericht suchen, der diese Ergebnisse zusammenfasst, klicken Sie hier. <\/p>\n\n\n\n<p>WP1 &#8211; Projektvorbereitung und -koordinierung<\/p>\n\n\n\n<p>WP2 &#8211; Demonstration der emissionsfreien Kraft-W\u00e4rme-Kopplung<\/p>\n\n\n\n<p>WP3 &#8211; Demonstration von nachhaltiger Mobilit\u00e4t<\/p>\n\n\n\n<p>WP4 &#8211; Rechtlich-administrative Begleitanalyse<\/p>\n\n\n\n<p>WP5 &#8211; Integrative Akzeptanzforschung<\/p>\n\n\n\n<p>WP6 &#8211; Multidisziplin\u00e4re Bewertung der Cybersicherheit in Energiesystemen<\/p>\n\n\n\n<p>WP7 &#8211; Folgenabsch\u00e4tzung der Stilllegung eines zentralen Nuklearstandorts f\u00fcr die Entwicklung von kohlenstoffarmen Energiel\u00f6sungen<\/p>\n","protected":false},"excerpt":{"rendered":"<p>Nachstehend finden Sie alle Projektergebnisse, sortiert nach Arbeitspaketen. Wenn Sie den Bericht suchen, der diese Ergebnisse zusammenfasst, klicken Sie hier. WP1 &#8211; Projektvorbereitung und -koordinierung WP2 &#8211; Demonstration der emissionsfreien Kraft-W\u00e4rme-Kopplung WP3 &#8211; Demonstration von nachhaltiger Mobilit\u00e4t WP4 &#8211; Rechtlich-administrative Begleitanalyse WP5 &#8211; Integrative Akzeptanzforschung WP6 &#8211; Multidisziplin\u00e4re Bewertung der Cybersicherheit in Energiesystemen WP7 &#8211;&#8230;<\/p>\n","protected":false},"author":2,"featured_media":0,"parent":0,"menu_order":0,"comment_status":"closed","ping_status":"closed","template":"","meta":{"_kadence_starter_templates_imported_post":false,"_kad_post_transparent":"","_kad_post_title":"","_kad_post_layout":"","_kad_post_sidebar_id":"","_kad_post_content_style":"","_kad_post_vertical_padding":"","_kad_post_feature":"","_kad_post_feature_position":"","_kad_post_header":false,"_kad_post_footer":false,"footnotes":""},"class_list":["post-1129","page","type-page","status-publish","hentry"],"_links":{"self":[{"href":"https:\/\/co2inno.com\/de\/wp-json\/wp\/v2\/pages\/1129","targetHints":{"allow":["GET"]}}],"collection":[{"href":"https:\/\/co2inno.com\/de\/wp-json\/wp\/v2\/pages"}],"about":[{"href":"https:\/\/co2inno.com\/de\/wp-json\/wp\/v2\/types\/page"}],"author":[{"embeddable":true,"href":"https:\/\/co2inno.com\/de\/wp-json\/wp\/v2\/users\/2"}],"replies":[{"embeddable":true,"href":"https:\/\/co2inno.com\/de\/wp-json\/wp\/v2\/comments?post=1129"}],"version-history":[{"count":0,"href":"https:\/\/co2inno.com\/de\/wp-json\/wp\/v2\/pages\/1129\/revisions"}],"wp:attachment":[{"href":"https:\/\/co2inno.com\/de\/wp-json\/wp\/v2\/media?parent=1129"}],"curies":[{"name":"wp","href":"https:\/\/api.w.org\/{rel}","templated":true}]}}