{"id":1126,"date":"2025-12-04T14:07:05","date_gmt":"2025-12-04T14:07:05","guid":{"rendered":"https:\/\/co2inno.com\/project-results-and-final-report\/"},"modified":"2025-12-04T14:07:05","modified_gmt":"2025-12-04T14:07:05","slug":"project-results-and-final-report","status":"publish","type":"page","link":"https:\/\/co2inno.com\/de\/project-results-and-final-report\/","title":{"rendered":"Project Results and Final Report"},"content":{"rendered":"\n<p>Nach Abschluss des Forschungsprojekts wurden die Ergebnisse aus allen Arbeitspaketen gesammelt und in einem Abschlussbericht zusammengefasst. Eine komprimierte Roadmap zeigt den Weg nach vorn, mit ausf\u00fchrlichen Erl\u00e4uterungen zu den Forschungszielen, Methoden und Ergebnissen f\u00fcr jeden einzelnen Teil des Projekts.  <\/p>\n\n\n\n<p>Drei Jahre Forschung haben zu diesen Ergebnissen gef\u00fchrt und zeigen die Optionen f\u00fcr eine nachhaltigere Oberrheinregion auf. <\/p>\n\n\n\n<div data-wp-interactive=\"core\/file\" class=\"wp-block-file\"><object data-wp-bind--hidden=\"!state.hasPdfPreview\" hidden class=\"wp-block-file__embed\" data=\"https:\/\/co2inno.com\/wp-content\/uploads\/2025\/12\/Endbericht-WIP_formatiert_-DE_final.pdf\" type=\"application\/pdf\" style=\"width:100%;height:600px\" aria-label=\"Einbettung von Endbericht_DE_final.\"><\/object><a id=\"wp-block-file--media-1d9e3236-8e5e-4ca6-8560-5d55c75da2f8\" href=\"https:\/\/co2inno.com\/wp-content\/uploads\/2025\/12\/Endbericht-WIP_formatiert_-DE_final.pdf\">Endbericht_DE_final<\/a><a href=\"https:\/\/co2inno.com\/wp-content\/uploads\/2025\/12\/Endbericht-WIP_formatiert_-DE_final.pdf\" class=\"wp-block-file__button wp-element-button\" download=\"\" aria-describedby=\"wp-block-file--media-1d9e3236-8e5e-4ca6-8560-5d55c75da2f8\">Herunterladen<\/a><\/div>\n\n\n\n<p>Der Bericht ist sowohl in deutscher als auch in franz\u00f6sischer Sprache verf\u00fcgbar. Um den Zugriff zu erleichtern, finden Sie beide Versionen auf dieser Seite.<\/p>\n\n\n\n<div data-wp-interactive=\"core\/file\" class=\"wp-block-file\"><object data-wp-bind--hidden=\"!state.hasPdfPreview\" hidden class=\"wp-block-file__embed\" data=\"https:\/\/co2inno.com\/wp-content\/uploads\/2025\/12\/Endbericht_FR-final.pdf\" type=\"application\/pdf\" style=\"width:100%;height:600px\" aria-label=\"Einbettung von Endbericht_FR final.\"><\/object><a id=\"wp-block-file--media-238ea885-33a2-4578-9694-c9c62a61e58f\" href=\"https:\/\/co2inno.com\/wp-content\/uploads\/2025\/12\/Endbericht_FR-final.pdf\">Endbericht_FR final<\/a><a href=\"https:\/\/co2inno.com\/wp-content\/uploads\/2025\/12\/Endbericht_FR-final.pdf\" class=\"wp-block-file__button wp-element-button\" download=\"\" aria-describedby=\"wp-block-file--media-238ea885-33a2-4578-9694-c9c62a61e58f\">Download<\/a><\/div>\n","protected":false},"excerpt":{"rendered":"<p>Nach Abschluss des Forschungsprojekts wurden die Ergebnisse aus allen Arbeitspaketen gesammelt und in einem Abschlussbericht zusammengefasst. Eine komprimierte Roadmap zeigt den Weg nach vorn, mit ausf\u00fchrlichen Erl\u00e4uterungen zu den Forschungszielen, Methoden und Ergebnissen f\u00fcr jeden einzelnen Teil des Projekts. Drei Jahre Forschung haben zu diesen Ergebnissen gef\u00fchrt und zeigen die Optionen f\u00fcr eine nachhaltigere Oberrheinregion&#8230;<\/p>\n","protected":false},"author":2,"featured_media":0,"parent":0,"menu_order":0,"comment_status":"closed","ping_status":"closed","template":"","meta":{"_kadence_starter_templates_imported_post":false,"_kad_post_transparent":"","_kad_post_title":"","_kad_post_layout":"","_kad_post_sidebar_id":"","_kad_post_content_style":"","_kad_post_vertical_padding":"","_kad_post_feature":"","_kad_post_feature_position":"","_kad_post_header":false,"_kad_post_footer":false,"footnotes":""},"class_list":["post-1126","page","type-page","status-publish","hentry"],"_links":{"self":[{"href":"https:\/\/co2inno.com\/de\/wp-json\/wp\/v2\/pages\/1126","targetHints":{"allow":["GET"]}}],"collection":[{"href":"https:\/\/co2inno.com\/de\/wp-json\/wp\/v2\/pages"}],"about":[{"href":"https:\/\/co2inno.com\/de\/wp-json\/wp\/v2\/types\/page"}],"author":[{"embeddable":true,"href":"https:\/\/co2inno.com\/de\/wp-json\/wp\/v2\/users\/2"}],"replies":[{"embeddable":true,"href":"https:\/\/co2inno.com\/de\/wp-json\/wp\/v2\/comments?post=1126"}],"version-history":[{"count":0,"href":"https:\/\/co2inno.com\/de\/wp-json\/wp\/v2\/pages\/1126\/revisions"}],"wp:attachment":[{"href":"https:\/\/co2inno.com\/de\/wp-json\/wp\/v2\/media?parent=1126"}],"curies":[{"name":"wp","href":"https:\/\/api.w.org\/{rel}","templated":true}]}}